{"id":1199,"date":"2022-08-20T19:58:54","date_gmt":"2022-08-20T18:58:54","guid":{"rendered":"https:\/\/vladimirradojkovic.com\/?page_id=1199"},"modified":"2025-02-12T15:40:49","modified_gmt":"2025-02-12T14:40:49","slug":"knjiga-sah-sa-vladimirom","status":"publish","type":"page","link":"https:\/\/vladimirradojkovic.com\/en\/knjiga-sah-sa-vladimirom\/","title":{"rendered":"Chess with Vladimir"},"content":{"rendered":"<div data-elementor-type=\"wp-page\" data-elementor-id=\"1199\" class=\"elementor elementor-1199\">\n\t\t\t\t\t\t<section class=\"elementor-section elementor-top-section elementor-element elementor-element-cb3935e elementor-section-full_width elementor-section-height-default elementor-section-height-default\" data-id=\"cb3935e\" data-element_type=\"section\" data-e-type=\"section\">\n\t\t\t\t\t\t<div class=\"elementor-container elementor-column-gap-default\">\n\t\t\t\t\t<div class=\"elementor-column elementor-col-100 elementor-top-column elementor-element elementor-element-0e63771\" data-id=\"0e63771\" data-element_type=\"column\" data-e-type=\"column\">\n\t\t\t<div class=\"elementor-widget-wrap elementor-element-populated\">\n\t\t\t\t\t\t<div class=\"elementor-element elementor-element-28b119b elementor-widget elementor-widget-heading\" data-id=\"28b119b\" data-element_type=\"widget\" data-e-type=\"widget\" data-widget_type=\"heading.default\">\n\t\t\t\t<div class=\"elementor-widget-container\">\n\t\t\t\t\t<h1 class=\"elementor-heading-title elementor-size-xxl\">Chess with Vladimir<\/h1>\t\t\t\t<\/div>\n\t\t\t\t<\/div>\n\t\t\t\t\t<\/div>\n\t\t<\/div>\n\t\t\t\t\t<\/div>\n\t\t<\/section>\n\t\t\t\t<section class=\"elementor-section elementor-top-section elementor-element elementor-element-9015b8c elementor-section-full_width elementor-section-height-default elementor-section-height-default\" data-id=\"9015b8c\" data-element_type=\"section\" data-e-type=\"section\">\n\t\t\t\t\t\t<div class=\"elementor-container elementor-column-gap-default\">\n\t\t\t\t\t<div class=\"elementor-column elementor-col-100 elementor-top-column elementor-element elementor-element-6ed4531\" data-id=\"6ed4531\" data-element_type=\"column\" data-e-type=\"column\">\n\t\t\t<div class=\"elementor-widget-wrap elementor-element-populated\">\n\t\t\t\t\t\t<div class=\"elementor-element elementor-element-0f11da7 elementor-widget elementor-widget-image\" data-id=\"0f11da7\" data-element_type=\"widget\" data-e-type=\"widget\" data-widget_type=\"image.default\">\n\t\t\t\t<div class=\"elementor-widget-container\">\n\t\t\t\t\t\t\t\t\t\t\t\t\t\t\t<img decoding=\"async\" src=\"https:\/\/vladimirradojkovic.com\/wp-content\/uploads\/2022\/03\/chess-crystal-chess-board-7003563.webp\" title=\"Chess with Vladimir\" alt=\"\u0160ah sa Vladimirom\" loading=\"lazy\" \/>\t\t\t\t\t\t\t\t\t\t\t\t\t\t\t<\/div>\n\t\t\t\t<\/div>\n\t\t\t\t\t<\/div>\n\t\t<\/div>\n\t\t\t\t\t<\/div>\n\t\t<\/section>\n\t\t\t\t<section class=\"elementor-section elementor-top-section elementor-element elementor-element-babcff0 elementor-section-boxed elementor-section-height-default elementor-section-height-default\" data-id=\"babcff0\" data-element_type=\"section\" data-e-type=\"section\">\n\t\t\t\t\t\t<div class=\"elementor-container elementor-column-gap-default\">\n\t\t\t\t\t<div class=\"elementor-column elementor-col-100 elementor-top-column elementor-element elementor-element-7d307a0\" data-id=\"7d307a0\" data-element_type=\"column\" data-e-type=\"column\">\n\t\t\t<div class=\"elementor-widget-wrap elementor-element-populated\">\n\t\t\t\t\t\t<div class=\"elementor-element elementor-element-c5a402b elementor-widget elementor-widget-heading\" data-id=\"c5a402b\" data-element_type=\"widget\" data-e-type=\"widget\" data-widget_type=\"heading.default\">\n\t\t\t\t<div class=\"elementor-widget-container\">\n\t\t\t\t\t<h2 class=\"elementor-heading-title elementor-size-default\">About the book<\/h2>\t\t\t\t<\/div>\n\t\t\t\t<\/div>\n\t\t\t\t\t<\/div>\n\t\t<\/div>\n\t\t\t\t\t<\/div>\n\t\t<\/section>\n\t\t\t\t<section class=\"elementor-section elementor-top-section elementor-element elementor-element-59cbeef elementor-section-full_width elementor-section-height-default elementor-section-height-default\" data-id=\"59cbeef\" data-element_type=\"section\" data-e-type=\"section\">\n\t\t\t\t\t\t<div class=\"elementor-container elementor-column-gap-default\">\n\t\t\t\t\t<div class=\"elementor-column elementor-col-50 elementor-top-column elementor-element elementor-element-f33c050\" data-id=\"f33c050\" data-element_type=\"column\" data-e-type=\"column\">\n\t\t\t<div class=\"elementor-widget-wrap elementor-element-populated\">\n\t\t\t\t\t\t<div class=\"elementor-element elementor-element-38044bc elementor-widget elementor-widget-text-editor\" data-id=\"38044bc\" data-element_type=\"widget\" data-e-type=\"widget\" data-widget_type=\"text-editor.default\">\n\t\t\t\t<div class=\"elementor-widget-container\">\n\t\t\t\t\t\t\t\t\t<h5>\"After many years of playing chess, I decided to write a book in which I will put everything that I consider important that every chess lover, as well as a professional chess player, should know. At the beginning of the book I deal with the history of chess. The history of chess covers the period from its beginnings, which is linked to the story that it was created a little more than 2000 years ago, all the way to modern chess as we know it today. Part of the book is devoted to the development of chess in the Middle Ages, in Europe. Some of the first written works on chess were created in that period. The book covers some of the rules related to chess pieces and includes chess notation. After getting acquainted with the rules related to pieces, the next part of the book is devoted to chess openings. I have divided the openings into several groups such as: open games, semi-open games, closed games and semi-closed games. What I would like to point out is that I have listed a few important features about each opening and I have shown a picture of a chessboard next to each of them in order to better represent the opening I am writing about. There is a section in the book where I write about chess competitions, and by that I mean the types of chess competitions, the rules that apply to those competitions. I wrote about chess titles, the way to get titles and I separated the part where I mentioned honorary titles.\u00a0<\/h5><h5>I hope you will enjoy acquiring new knowledge and skills in chess and that you will love chess.\"<\/h5><h6>\u00a0 \u00a0 \u00a0 \u00a0 \u00a0 \u00a0 \u00a0 \u00a0 \u00a0 \u00a0 \u00a0 \u00a0 \u00a0 \u00a0 \u00a0 \u00a0 \u00a0 \u00a0 \u00a0 \u00a0 \u00a0 \u00a0 \u00a0 \u00a0 \u00a0 \u00a0 \u00a0 \u00a0 \u00a0 \u00a0 \u00a0 \u00a0 \u00a0 \u00a0 \u00a0 \u00a0 \u00a0 \u00a0 \u00a0 \u00a0 \u00a0 \u00a0 \u00a0 \u00a0 \u00a0 \u00a0 \u00a0 \u00a0 \u00a0 \u00a0 \u00a0 \u00a0 \u00a0 \u00a0 \u00a0 \u00a0 \u00a0 \u00a0 \u00a0 \u00a0 \u00a0 \u00a0 \u00a0 \u00a0 \u00a0 \u00a0 \u00a0 \u00a0 \u00a0 \u00a0 \u00a0 \u00a0 \u00a0 \u00a0 \u00a0 <a style=\"font-size: 1rem;\" href=\"https:\/\/vladimirradojkovic.com\/en\/\" target=\"_blank\" rel=\"noopener\">Vladimir Radojkovic<\/a><\/h6>\t\t\t\t\t\t\t\t<\/div>\n\t\t\t\t<\/div>\n\t\t\t\t\t<\/div>\n\t\t<\/div>\n\t\t\t\t<div class=\"elementor-column elementor-col-50 elementor-top-column elementor-element elementor-element-79e30d3\" data-id=\"79e30d3\" data-element_type=\"column\" data-e-type=\"column\">\n\t\t\t<div class=\"elementor-widget-wrap elementor-element-populated\">\n\t\t\t\t\t\t<div class=\"elementor-element elementor-element-b36fa00 elementor-widget elementor-widget-text-editor\" data-id=\"b36fa00\" data-element_type=\"widget\" data-e-type=\"widget\" data-widget_type=\"text-editor.default\">\n\t\t\t\t<div class=\"elementor-widget-container\">\n\t\t\t\t\t\t\t\t\t<h5>The book was written in Serbian and translated into English. Editions in Serbian and English are available for sale.<\/h5><h5>You can buy the book at the following markets:<\/h5><h5>Google play market: <a href=\"https:\/\/play.google.com\/store\/apps\/details?id=newlookentertainment.com.sahsavladimirom\"><strong>Chess with Vladimir<\/strong><\/a><\/h5><h5>iTunes market: <a href=\"https:\/\/books.apple.com\/us\/book\/id6443113539\"><strong>Chess with Vladimir<\/strong><\/a><\/h5><div><h5>Amazon: (coming soon) English language<\/h5><\/div>\t\t\t\t\t\t\t\t<\/div>\n\t\t\t\t<\/div>\n\t\t\t\t<div class=\"elementor-element elementor-element-34f344c elementor-arrows-position-inside elementor-pagination-position-outside elementor-widget elementor-widget-image-carousel\" data-id=\"34f344c\" data-element_type=\"widget\" data-e-type=\"widget\" data-settings=\"{&quot;slides_to_show&quot;:&quot;2&quot;,&quot;navigation&quot;:&quot;both&quot;,&quot;autoplay&quot;:&quot;yes&quot;,&quot;pause_on_hover&quot;:&quot;yes&quot;,&quot;pause_on_interaction&quot;:&quot;yes&quot;,&quot;autoplay_speed&quot;:5000,&quot;infinite&quot;:&quot;yes&quot;,&quot;speed&quot;:500}\" data-widget_type=\"image-carousel.default\">\n\t\t\t\t<div class=\"elementor-widget-container\">\n\t\t\t\t\t\t\t<div class=\"elementor-image-carousel-wrapper swiper\" role=\"region\" aria-roledescription=\"carousel\" aria-label=\"\u0412\u0440\u0442\u0435\u0448\u043a\u0430 \u0441\u043b\u0438\u043a\u0430\" dir=\"ltr\">\n\t\t\t<div class=\"elementor-image-carousel swiper-wrapper\" aria-live=\"off\">\n\t\t\t\t\t\t\t\t<div class=\"swiper-slide\" role=\"group\" aria-roledescription=\"slide\" aria-label=\"1 of 1\"><figure class=\"swiper-slide-inner\"><img decoding=\"async\" class=\"swiper-slide-image\" src=\"https:\/\/vladimirradojkovic.com\/wp-content\/uploads\/2022\/08\/Naslovna-strana.webp\" alt=\"\u0160ah sa Vladimirom\" \/><\/figure><\/div>\t\t\t<\/div>\n\t\t\t\t\t<\/div>\n\t\t\t\t\t\t<\/div>\n\t\t\t\t<\/div>\n\t\t\t\t\t<\/div>\n\t\t<\/div>\n\t\t\t\t\t<\/div>\n\t\t<\/section>\n\t\t\t\t<\/div>","protected":false},"excerpt":{"rendered":"<p>\u0160ah sa Vladimirom O knjizi ,,Nakon puno godina igranja \u0161aha odlu\u010dio sam da napi\u0161em knjigu u kojoj \u0107u smestiti sve ono \u0161to smatram va\u017enim da treba da zna svaki ljubitelj \u0161aha, ali i profesionalni \u0161ahista. Na po\u010detku knjige bavim se\u00a0 istorijom \u0161aha. Istorija \u0161aha obuhvata period od njegovih po\u010detaka za koje se vezuje pri\u010da da [&hellip;]<\/p>\n","protected":false},"author":1,"featured_media":0,"parent":0,"menu_order":0,"comment_status":"closed","ping_status":"closed","template":"","meta":{"site-sidebar-layout":"no-sidebar","site-content-layout":"page-builder","ast-site-content-layout":"full-width-container","site-content-style":"unboxed","site-sidebar-style":"unboxed","ast-global-header-display":"","ast-banner-title-visibility":"","ast-main-header-display":"","ast-hfb-above-header-display":"","ast-hfb-below-header-display":"","ast-hfb-mobile-header-display":"","site-post-title":"disabled","ast-breadcrumbs-content":"","ast-featured-img":"disabled","footer-sml-layout":"","ast-disable-related-posts":"","theme-transparent-header-meta":"default","adv-header-id-meta":"","stick-header-meta":"","header-above-stick-meta":"","header-main-stick-meta":"","header-below-stick-meta":"","astra-migrate-meta-layouts":"set","ast-page-background-enabled":"default","ast-page-background-meta":{"desktop":{"background-color":"","background-image":"","background-repeat":"repeat","background-position":"center center","background-size":"auto","background-attachment":"scroll","background-type":"","background-media":"","overlay-type":"","overlay-color":"","overlay-opacity":"","overlay-gradient":""},"tablet":{"background-color":"","background-image":"","background-repeat":"repeat","background-position":"center center","background-size":"auto","background-attachment":"scroll","background-type":"","background-media":"","overlay-type":"","overlay-color":"","overlay-opacity":"","overlay-gradient":""},"mobile":{"background-color":"","background-image":"","background-repeat":"repeat","background-position":"center center","background-size":"auto","background-attachment":"scroll","background-type":"","background-media":"","overlay-type":"","overlay-color":"","overlay-opacity":"","overlay-gradient":""}},"ast-content-background-meta":{"desktop":{"background-color":"var(--ast-global-color-5)","background-image":"","background-repeat":"repeat","background-position":"center center","background-size":"auto","background-attachment":"scroll","background-type":"","background-media":"","overlay-type":"","overlay-color":"","overlay-opacity":"","overlay-gradient":""},"tablet":{"background-color":"var(--ast-global-color-5)","background-image":"","background-repeat":"repeat","background-position":"center center","background-size":"auto","background-attachment":"scroll","background-type":"","background-media":"","overlay-type":"","overlay-color":"","overlay-opacity":"","overlay-gradient":""},"mobile":{"background-color":"var(--ast-global-color-5)","background-image":"","background-repeat":"repeat","background-position":"center center","background-size":"auto","background-attachment":"scroll","background-type":"","background-media":"","overlay-type":"","overlay-color":"","overlay-opacity":"","overlay-gradient":""}},"footnotes":""},"class_list":["post-1199","page","type-page","status-publish","hentry"],"yoast_head":"<!-- This site is optimized with the Yoast SEO plugin v27.4 - https:\/\/yoast.com\/product\/yoast-seo-wordpress\/ -->\n<title>\u0160ah sa Vladimirom - Vladimir Radojkovic<\/title>\n<meta name=\"description\" content=\"Ovo je knjiga o \u0161ahu koju je napisao Vladimir Radojkovi\u0107! This is a book about chess written by Serbian chess player Vladimir Radojkovi\u0107!\" \/>\n<meta name=\"robots\" content=\"index, follow, max-snippet:-1, max-image-preview:large, max-video-preview:-1\" \/>\n<link rel=\"canonical\" href=\"https:\/\/vladimirradojkovic.com\/en\/knjiga-sah-sa-vladimirom\/\" \/>\n<meta property=\"og:locale\" content=\"en_GB\" \/>\n<meta property=\"og:type\" content=\"article\" \/>\n<meta property=\"og:title\" content=\"\u0160ah sa Vladimirom - Vladimir Radojkovic\" \/>\n<meta property=\"og:description\" content=\"Ovo je knjiga o \u0161ahu koju je napisao Vladimir Radojkovi\u0107! This is a book about chess written by Serbian chess player Vladimir Radojkovi\u0107!\" \/>\n<meta property=\"og:url\" content=\"https:\/\/vladimirradojkovic.com\/en\/knjiga-sah-sa-vladimirom\/\" \/>\n<meta property=\"og:site_name\" content=\"Vladimir Radojkovic\" \/>\n<meta property=\"article:publisher\" content=\"https:\/\/www.facebook.com\/vladaaa08\" \/>\n<meta property=\"article:modified_time\" content=\"2025-02-12T14:40:49+00:00\" \/>\n<meta property=\"og:image\" content=\"https:\/\/vladimirradojkovic.com\/wp-content\/uploads\/2022\/08\/Naslovna-strana.webp\" \/>\n\t<meta property=\"og:image:width\" content=\"1344\" \/>\n\t<meta property=\"og:image:height\" content=\"1920\" \/>\n\t<meta property=\"og:image:type\" content=\"image\/webp\" \/>\n<meta name=\"twitter:card\" content=\"summary_large_image\" \/>\n<meta name=\"twitter:image\" content=\"https:\/\/vladimirradojkovic.com\/wp-content\/uploads\/2022\/08\/Naslovna-strana.webp\" \/>\n<meta name=\"twitter:site\" content=\"@vladaaa08\" \/>\n<meta name=\"twitter:label1\" content=\"Estimated reading time\" \/>\n\t<meta name=\"twitter:data1\" content=\"2 minutes\" \/>\n<script type=\"application\/ld+json\" class=\"yoast-schema-graph\">{\"@context\":\"https:\\\/\\\/schema.org\",\"@graph\":[{\"@type\":\"WebPage\",\"@id\":\"https:\\\/\\\/vladimirradojkovic.com\\\/knjiga-sah-sa-vladimirom\\\/\",\"url\":\"https:\\\/\\\/vladimirradojkovic.com\\\/knjiga-sah-sa-vladimirom\\\/\",\"name\":\"\u0160ah sa Vladimirom - Vladimir Radojkovic\",\"isPartOf\":{\"@id\":\"https:\\\/\\\/vladimirradojkovic.com\\\/en\\\/#website\"},\"primaryImageOfPage\":{\"@id\":\"https:\\\/\\\/vladimirradojkovic.com\\\/knjiga-sah-sa-vladimirom\\\/#primaryimage\"},\"image\":{\"@id\":\"https:\\\/\\\/vladimirradojkovic.com\\\/knjiga-sah-sa-vladimirom\\\/#primaryimage\"},\"thumbnailUrl\":\"https:\\\/\\\/vladimirradojkovic.com\\\/wp-content\\\/uploads\\\/2022\\\/03\\\/chess-crystal-chess-board-7003563.webp\",\"datePublished\":\"2022-08-20T18:58:54+00:00\",\"dateModified\":\"2025-02-12T14:40:49+00:00\",\"description\":\"Ovo je knjiga o \u0161ahu koju je napisao Vladimir Radojkovi\u0107! This is a book about chess written by Serbian chess player Vladimir Radojkovi\u0107!\",\"breadcrumb\":{\"@id\":\"https:\\\/\\\/vladimirradojkovic.com\\\/knjiga-sah-sa-vladimirom\\\/#breadcrumb\"},\"inLanguage\":\"en-GB\",\"potentialAction\":[{\"@type\":\"ReadAction\",\"target\":[\"https:\\\/\\\/vladimirradojkovic.com\\\/knjiga-sah-sa-vladimirom\\\/\"]}]},{\"@type\":\"ImageObject\",\"inLanguage\":\"en-GB\",\"@id\":\"https:\\\/\\\/vladimirradojkovic.com\\\/knjiga-sah-sa-vladimirom\\\/#primaryimage\",\"url\":\"https:\\\/\\\/vladimirradojkovic.com\\\/wp-content\\\/uploads\\\/2022\\\/03\\\/chess-crystal-chess-board-7003563.webp\",\"contentUrl\":\"https:\\\/\\\/vladimirradojkovic.com\\\/wp-content\\\/uploads\\\/2022\\\/03\\\/chess-crystal-chess-board-7003563.webp\"},{\"@type\":\"BreadcrumbList\",\"@id\":\"https:\\\/\\\/vladimirradojkovic.com\\\/knjiga-sah-sa-vladimirom\\\/#breadcrumb\",\"itemListElement\":[{\"@type\":\"ListItem\",\"position\":1,\"name\":\"Home\",\"item\":\"https:\\\/\\\/vladimirradojkovic.com\\\/\"},{\"@type\":\"ListItem\",\"position\":2,\"name\":\"\u0160ah sa Vladimirom\"}]},{\"@type\":\"WebSite\",\"@id\":\"https:\\\/\\\/vladimirradojkovic.com\\\/en\\\/#website\",\"url\":\"https:\\\/\\\/vladimirradojkovic.com\\\/en\\\/\",\"name\":\"Vladimir Radojkovic\",\"description\":\"Dobrodo\u0161li na zvani\u010dni vebsajt Vladimira Radojkovi\u0107a!\",\"publisher\":{\"@id\":\"https:\\\/\\\/vladimirradojkovic.com\\\/en\\\/#\\\/schema\\\/person\\\/d488e920be5803b952ac040ee7f02e61\"},\"potentialAction\":[{\"@type\":\"SearchAction\",\"target\":{\"@type\":\"EntryPoint\",\"urlTemplate\":\"https:\\\/\\\/vladimirradojkovic.com\\\/en\\\/?s={search_term_string}\"},\"query-input\":{\"@type\":\"PropertyValueSpecification\",\"valueRequired\":true,\"valueName\":\"search_term_string\"}}],\"inLanguage\":\"en-GB\"},{\"@type\":[\"Person\",\"Organization\"],\"@id\":\"https:\\\/\\\/vladimirradojkovic.com\\\/en\\\/#\\\/schema\\\/person\\\/d488e920be5803b952ac040ee7f02e61\",\"name\":\"gjoeu\",\"image\":{\"@type\":\"ImageObject\",\"inLanguage\":\"en-GB\",\"@id\":\"https:\\\/\\\/vladimirradojkovic.com\\\/wp-content\\\/uploads\\\/2025\\\/08\\\/cropped-FullLogo-1.png\",\"url\":\"https:\\\/\\\/vladimirradojkovic.com\\\/wp-content\\\/uploads\\\/2025\\\/08\\\/cropped-FullLogo-1.png\",\"contentUrl\":\"https:\\\/\\\/vladimirradojkovic.com\\\/wp-content\\\/uploads\\\/2025\\\/08\\\/cropped-FullLogo-1.png\",\"width\":1278,\"height\":429,\"caption\":\"gjoeu\"},\"logo\":{\"@id\":\"https:\\\/\\\/vladimirradojkovic.com\\\/wp-content\\\/uploads\\\/2025\\\/08\\\/cropped-FullLogo-1.png\"},\"sameAs\":[\"https:\\\/\\\/vladimirradojkovic.com\",\"https:\\\/\\\/www.facebook.com\\\/vladaaa08\",\"https:\\\/\\\/www.instagram.com\\\/vladaaa08\\\/\",\"https:\\\/\\\/x.com\\\/https:\\\/\\\/twitter.com\\\/vladaaa08\",\"https:\\\/\\\/www.youtube.com\\\/channel\\\/UCB74yNtXcTVReYx87-2bmjw\",\"https:\\\/\\\/sr.wikipedia.org\\\/wiki\\\/\u0412\u043b\u0430\u0434\u0438\u043c\u0438\u0440_\u0420\u0430\u0434\u043e\u0458\u043a\u043e\u0432\u0438\u045b\"]}]}<\/script>\n<!-- \/ Yoast SEO plugin. -->","yoast_head_json":{"title":"\u0160ah sa Vladimirom - Vladimir Radojkovic","description":"Ovo je knjiga o \u0161ahu koju je napisao Vladimir Radojkovi\u0107! This is a book about chess written by Serbian chess player Vladimir Radojkovi\u0107!","robots":{"index":"index","follow":"follow","max-snippet":"max-snippet:-1","max-image-preview":"max-image-preview:large","max-video-preview":"max-video-preview:-1"},"canonical":"https:\/\/vladimirradojkovic.com\/en\/knjiga-sah-sa-vladimirom\/","og_locale":"en_GB","og_type":"article","og_title":"\u0160ah sa Vladimirom - Vladimir Radojkovic","og_description":"Ovo je knjiga o \u0161ahu koju je napisao Vladimir Radojkovi\u0107! This is a book about chess written by Serbian chess player Vladimir Radojkovi\u0107!","og_url":"https:\/\/vladimirradojkovic.com\/en\/knjiga-sah-sa-vladimirom\/","og_site_name":"Vladimir Radojkovic","article_publisher":"https:\/\/www.facebook.com\/vladaaa08","article_modified_time":"2025-02-12T14:40:49+00:00","og_image":[{"width":1344,"height":1920,"url":"https:\/\/vladimirradojkovic.com\/wp-content\/uploads\/2022\/08\/Naslovna-strana.webp","type":"image\/webp"}],"twitter_card":"summary_large_image","twitter_image":"https:\/\/vladimirradojkovic.com\/wp-content\/uploads\/2022\/08\/Naslovna-strana.webp","twitter_site":"@vladaaa08","twitter_misc":{"Estimated reading time":"2 minutes"},"schema":{"@context":"https:\/\/schema.org","@graph":[{"@type":"WebPage","@id":"https:\/\/vladimirradojkovic.com\/knjiga-sah-sa-vladimirom\/","url":"https:\/\/vladimirradojkovic.com\/knjiga-sah-sa-vladimirom\/","name":"\u0160ah sa Vladimirom - Vladimir Radojkovic","isPartOf":{"@id":"https:\/\/vladimirradojkovic.com\/en\/#website"},"primaryImageOfPage":{"@id":"https:\/\/vladimirradojkovic.com\/knjiga-sah-sa-vladimirom\/#primaryimage"},"image":{"@id":"https:\/\/vladimirradojkovic.com\/knjiga-sah-sa-vladimirom\/#primaryimage"},"thumbnailUrl":"https:\/\/vladimirradojkovic.com\/wp-content\/uploads\/2022\/03\/chess-crystal-chess-board-7003563.webp","datePublished":"2022-08-20T18:58:54+00:00","dateModified":"2025-02-12T14:40:49+00:00","description":"Ovo je knjiga o \u0161ahu koju je napisao Vladimir Radojkovi\u0107! This is a book about chess written by Serbian chess player Vladimir Radojkovi\u0107!","breadcrumb":{"@id":"https:\/\/vladimirradojkovic.com\/knjiga-sah-sa-vladimirom\/#breadcrumb"},"inLanguage":"en-GB","potentialAction":[{"@type":"ReadAction","target":["https:\/\/vladimirradojkovic.com\/knjiga-sah-sa-vladimirom\/"]}]},{"@type":"ImageObject","inLanguage":"en-GB","@id":"https:\/\/vladimirradojkovic.com\/knjiga-sah-sa-vladimirom\/#primaryimage","url":"https:\/\/vladimirradojkovic.com\/wp-content\/uploads\/2022\/03\/chess-crystal-chess-board-7003563.webp","contentUrl":"https:\/\/vladimirradojkovic.com\/wp-content\/uploads\/2022\/03\/chess-crystal-chess-board-7003563.webp"},{"@type":"BreadcrumbList","@id":"https:\/\/vladimirradojkovic.com\/knjiga-sah-sa-vladimirom\/#breadcrumb","itemListElement":[{"@type":"ListItem","position":1,"name":"Home","item":"https:\/\/vladimirradojkovic.com\/"},{"@type":"ListItem","position":2,"name":"\u0160ah sa Vladimirom"}]},{"@type":"WebSite","@id":"https:\/\/vladimirradojkovic.com\/en\/#website","url":"https:\/\/vladimirradojkovic.com\/en\/","name":"Vladimir Radojkovic","description":"Welcome to the official website of Vladimir Radojkovic!","publisher":{"@id":"https:\/\/vladimirradojkovic.com\/en\/#\/schema\/person\/d488e920be5803b952ac040ee7f02e61"},"potentialAction":[{"@type":"SearchAction","target":{"@type":"EntryPoint","urlTemplate":"https:\/\/vladimirradojkovic.com\/en\/?s={search_term_string}"},"query-input":{"@type":"PropertyValueSpecification","valueRequired":true,"valueName":"search_term_string"}}],"inLanguage":"en-GB"},{"@type":["Person","Organization"],"@id":"https:\/\/vladimirradojkovic.com\/en\/#\/schema\/person\/d488e920be5803b952ac040ee7f02e61","name":"gjoeu","image":{"@type":"ImageObject","inLanguage":"en-GB","@id":"https:\/\/vladimirradojkovic.com\/wp-content\/uploads\/2025\/08\/cropped-FullLogo-1.png","url":"https:\/\/vladimirradojkovic.com\/wp-content\/uploads\/2025\/08\/cropped-FullLogo-1.png","contentUrl":"https:\/\/vladimirradojkovic.com\/wp-content\/uploads\/2025\/08\/cropped-FullLogo-1.png","width":1278,"height":429,"caption":"gjoeu"},"logo":{"@id":"https:\/\/vladimirradojkovic.com\/wp-content\/uploads\/2025\/08\/cropped-FullLogo-1.png"},"sameAs":["https:\/\/vladimirradojkovic.com","https:\/\/www.facebook.com\/vladaaa08","https:\/\/www.instagram.com\/vladaaa08\/","https:\/\/x.com\/https:\/\/twitter.com\/vladaaa08","https:\/\/www.youtube.com\/channel\/UCB74yNtXcTVReYx87-2bmjw","https:\/\/sr.wikipedia.org\/wiki\/\u0412\u043b\u0430\u0434\u0438\u043c\u0438\u0440_\u0420\u0430\u0434\u043e\u0458\u043a\u043e\u0432\u0438\u045b"]}]}},"_links":{"self":[{"href":"https:\/\/vladimirradojkovic.com\/en\/wp-json\/wp\/v2\/pages\/1199","targetHints":{"allow":["GET"]}}],"collection":[{"href":"https:\/\/vladimirradojkovic.com\/en\/wp-json\/wp\/v2\/pages"}],"about":[{"href":"https:\/\/vladimirradojkovic.com\/en\/wp-json\/wp\/v2\/types\/page"}],"author":[{"embeddable":true,"href":"https:\/\/vladimirradojkovic.com\/en\/wp-json\/wp\/v2\/users\/1"}],"replies":[{"embeddable":true,"href":"https:\/\/vladimirradojkovic.com\/en\/wp-json\/wp\/v2\/comments?post=1199"}],"version-history":[{"count":93,"href":"https:\/\/vladimirradojkovic.com\/en\/wp-json\/wp\/v2\/pages\/1199\/revisions"}],"predecessor-version":[{"id":2155,"href":"https:\/\/vladimirradojkovic.com\/en\/wp-json\/wp\/v2\/pages\/1199\/revisions\/2155"}],"wp:attachment":[{"href":"https:\/\/vladimirradojkovic.com\/en\/wp-json\/wp\/v2\/media?parent=1199"}],"curies":[{"name":"wp","href":"https:\/\/api.w.org\/{rel}","templated":true}]}}