{"id":209,"date":"2022-02-14T10:00:02","date_gmt":"2022-02-14T09:00:02","guid":{"rendered":"https:\/\/vladimirradojkovic.com\/contact-us\/"},"modified":"2024-07-10T11:54:49","modified_gmt":"2024-07-10T10:54:49","slug":"kontakt","status":"publish","type":"page","link":"https:\/\/vladimirradojkovic.com\/en\/kontakt\/","title":{"rendered":"Contact"},"content":{"rendered":"\t\t<div data-elementor-type=\"wp-page\" data-elementor-id=\"209\" class=\"elementor elementor-209\">\n\t\t\t\t\t\t<section class=\"elementor-section elementor-top-section elementor-element elementor-element-754d381 elementor-section-full_width elementor-section-height-default elementor-section-height-default\" data-id=\"754d381\" data-element_type=\"section\" data-e-type=\"section\">\n\t\t\t\t\t\t<div class=\"elementor-container elementor-column-gap-default\">\n\t\t\t\t\t<div class=\"elementor-column elementor-col-100 elementor-top-column elementor-element elementor-element-a4b9551\" data-id=\"a4b9551\" data-element_type=\"column\" data-e-type=\"column\">\n\t\t\t<div class=\"elementor-widget-wrap elementor-element-populated\">\n\t\t\t\t\t\t<div class=\"elementor-element elementor-element-e61b28c elementor-widget elementor-widget-heading\" data-id=\"e61b28c\" data-element_type=\"widget\" data-e-type=\"widget\" data-widget_type=\"heading.default\">\n\t\t\t\t<div class=\"elementor-widget-container\">\n\t\t\t\t\t<h1 class=\"elementor-heading-title elementor-size-xxl\">Kontakt<\/h1>\t\t\t\t<\/div>\n\t\t\t\t<\/div>\n\t\t\t\t\t<\/div>\n\t\t<\/div>\n\t\t\t\t\t<\/div>\n\t\t<\/section>\n\t\t\t\t<section class=\"elementor-section elementor-top-section elementor-element elementor-element-c24b91d elementor-section-full_width elementor-section-height-default elementor-section-height-default\" data-id=\"c24b91d\" data-element_type=\"section\" data-e-type=\"section\">\n\t\t\t\t\t\t<div class=\"elementor-container elementor-column-gap-default\">\n\t\t\t\t\t<div class=\"elementor-column elementor-col-100 elementor-top-column elementor-element elementor-element-16383c9\" data-id=\"16383c9\" data-element_type=\"column\" data-e-type=\"column\">\n\t\t\t<div class=\"elementor-widget-wrap elementor-element-populated\">\n\t\t\t\t\t\t<div class=\"elementor-element elementor-element-9d5f2d9 elementor-widget elementor-widget-image\" data-id=\"9d5f2d9\" data-element_type=\"widget\" data-e-type=\"widget\" data-widget_type=\"image.default\">\n\t\t\t\t<div class=\"elementor-widget-container\">\n\t\t\t\t\t\t\t\t\t\t\t\t\t\t\t<img decoding=\"async\" src=\"https:\/\/vladimirradojkovic.com\/wp-content\/uploads\/2022\/02\/email-fast-service-1975010.webp\" title=\"Kontakt\" alt=\"Kontakt\" loading=\"lazy\" \/>\t\t\t\t\t\t\t\t\t\t\t\t\t\t\t<\/div>\n\t\t\t\t<\/div>\n\t\t\t\t\t<\/div>\n\t\t<\/div>\n\t\t\t\t\t<\/div>\n\t\t<\/section>\n\t\t\t\t<section class=\"elementor-section elementor-top-section elementor-element elementor-element-9dab28e elementor-section-boxed elementor-section-height-default elementor-section-height-default\" data-id=\"9dab28e\" data-element_type=\"section\" data-e-type=\"section\">\n\t\t\t\t\t\t<div class=\"elementor-container elementor-column-gap-default\">\n\t\t\t\t\t<div class=\"elementor-column elementor-col-100 elementor-top-column elementor-element elementor-element-e9a1bcd\" data-id=\"e9a1bcd\" data-element_type=\"column\" data-e-type=\"column\">\n\t\t\t<div class=\"elementor-widget-wrap elementor-element-populated\">\n\t\t\t\t\t\t<div class=\"elementor-element elementor-element-3b1fea2 elementor-widget elementor-widget-heading\" data-id=\"3b1fea2\" data-element_type=\"widget\" data-e-type=\"widget\" data-widget_type=\"heading.default\">\n\t\t\t\t<div class=\"elementor-widget-container\">\n\t\t\t\t\t<h2 class=\"elementor-heading-title elementor-size-default\">Koji je cilj kontakt forme?!<\/h2>\t\t\t\t<\/div>\n\t\t\t\t<\/div>\n\t\t\t\t\t<\/div>\n\t\t<\/div>\n\t\t\t\t\t<\/div>\n\t\t<\/section>\n\t\t\t\t<section class=\"elementor-section elementor-top-section elementor-element elementor-element-fca169f elementor-section-full_width elementor-section-height-default elementor-section-height-default\" data-id=\"fca169f\" data-element_type=\"section\" data-e-type=\"section\">\n\t\t\t\t\t\t<div class=\"elementor-container elementor-column-gap-default\">\n\t\t\t\t\t<div class=\"elementor-column elementor-col-100 elementor-top-column elementor-element elementor-element-f507a3f\" data-id=\"f507a3f\" data-element_type=\"column\" data-e-type=\"column\">\n\t\t\t<div class=\"elementor-widget-wrap elementor-element-populated\">\n\t\t\t\t\t\t<div class=\"elementor-element elementor-element-729827c elementor-widget elementor-widget-text-editor\" data-id=\"729827c\" data-element_type=\"widget\" data-e-type=\"widget\" data-widget_type=\"text-editor.default\">\n\t\t\t\t<div class=\"elementor-widget-container\">\n\t\t\t\t\t\t\t\t\t<h5>Cilj kontakt forme je da se svim posetiocima sajta pru\u017ei mogu\u0107nost da ostvare komunikaciju sa \u0161ahistom \u010diji je ovo zvani\u010dni veb-sajt. Pre nego \u0161to kliknete na dugme ,,po\u0161alji&#8220; kako biste poslali va\u0161u poruku, molimo vas, obratite pa\u017enju da poslata poruka ima odre\u0111enu vezu sa \u0161ahom. Kontakt forma sadr\u017ei polja za unos imena, imejl adrese, naslova poruke i samog teksta poruke. Napominjemo da je va\u017eno popuniti sva unapred navedena polja kako biste mogli da po\u0161aljete poruku. Molimo vas da budete strpljivi u i\u0161\u010dekivanju odgovora na poruku koju ste poslali zbog koli\u010dine pristiglih poruka. Bi\u0107e vam odgovoreno najkasnije u roku od jednog dana i nadamo se da \u0107ete imati razumevanje. Hvala na razumevanju i sa zadovoljstvom \u010dekamo va\u0161u poruku kako bismo vam pomogli da \u0161to bolje upoznate svet \u0161aha!<\/h5><h5>Pozivamo vas da zapratite Vladimira Radojkovi\u0107a na dru\u0161tvenim mre\u017eama koje su istaknute u donjem delu veb-sajta i podse\u0107amo vas da je to samo jo\u0161 jedan od na\u010dina kako mo\u017eete uspostaviti komunikaciju sa njim i pratiti njegov rad u polju \u0161aha i sportskog novinarstva kojim se aktivno bavi u okviru svog sportskog magazina.\u00a0<\/h5>\t\t\t\t\t\t\t\t<\/div>\n\t\t\t\t<\/div>\n\t\t\t\t\t<\/div>\n\t\t<\/div>\n\t\t\t\t\t<\/div>\n\t\t<\/section>\n\t\t\t\t<section class=\"elementor-section elementor-top-section elementor-element elementor-element-208f742 elementor-section-full_width elementor-section-height-default elementor-section-height-default\" data-id=\"208f742\" data-element_type=\"section\" data-e-type=\"section\">\n\t\t\t\t\t\t<div class=\"elementor-container elementor-column-gap-default\">\n\t\t\t\t\t<div class=\"elementor-column elementor-col-100 elementor-top-column elementor-element elementor-element-adf4a5c\" data-id=\"adf4a5c\" data-element_type=\"column\" data-e-type=\"column\">\n\t\t\t<div class=\"elementor-widget-wrap elementor-element-populated\">\n\t\t\t\t\t\t<div class=\"elementor-element elementor-element-dcec2fc elementor-widget elementor-widget-wpforms\" data-id=\"dcec2fc\" data-element_type=\"widget\" data-e-type=\"widget\" data-widget_type=\"wpforms.default\">\n\t\t\t\t<div class=\"elementor-widget-container\">\n\t\t\t\t\t<div class=\"wpforms-container \" id=\"wpforms-590\"><form id=\"wpforms-form-590\" class=\"wpforms-validate wpforms-form wpforms-ajax-form\" data-formid=\"590\" method=\"post\" enctype=\"multipart\/form-data\" action=\"\/en\/wp-json\/wp\/v2\/pages\/209\" data-token=\"6126c302554b3884a3c37231ac734075\" data-token-time=\"1776954707\"><noscript class=\"wpforms-error-noscript\">Please enable JavaScript in your browser to complete this form.<\/noscript><div class=\"wpforms-field-container\"><div id=\"wpforms-590-field_3-container\" class=\"wpforms-field wpforms-field-name\" data-field-id=\"3\"><label class=\"wpforms-field-label\" for=\"wpforms-590-field_3\">Ime <span class=\"wpforms-required-label\">*<\/span><\/label><input type=\"text\" id=\"wpforms-590-field_3\" class=\"wpforms-field-medium wpforms-field-required\" name=\"wpforms[fields][3]\" required><\/div><div id=\"wpforms-590-field_1-container\" class=\"wpforms-field wpforms-field-email\" data-field-id=\"1\"><label class=\"wpforms-field-label\" for=\"wpforms-590-field_1\">Imejl <span class=\"wpforms-required-label\">*<\/span><\/label><input type=\"email\" id=\"wpforms-590-field_1\" class=\"wpforms-field-medium wpforms-field-required\" name=\"wpforms[fields][1]\" spellcheck=\"false\" required><\/div><div id=\"wpforms-590-field_5-container\" class=\"wpforms-field wpforms-field-text\" data-field-id=\"5\"><label class=\"wpforms-field-label\" for=\"wpforms-590-field_5\">Naslov <span class=\"wpforms-required-label\">*<\/span><\/label><input type=\"text\" id=\"wpforms-590-field_5\" class=\"wpforms-field-medium wpforms-field-required\" name=\"wpforms[fields][5]\" required><\/div><div id=\"wpforms-590-field_2-container\" class=\"wpforms-field wpforms-field-textarea\" data-field-id=\"2\"><label class=\"wpforms-field-label\" for=\"wpforms-590-field_2\">Poruka <span class=\"wpforms-required-label\">*<\/span><\/label><textarea id=\"wpforms-590-field_2\" class=\"wpforms-field-medium wpforms-field-required\" name=\"wpforms[fields][2]\" required><\/textarea><\/div><\/div><!-- .wpforms-field-container --><div class=\"wpforms-submit-container\" ><input type=\"hidden\" name=\"wpforms[id]\" value=\"590\"><input type=\"hidden\" name=\"page_title\" value=\"\"><input type=\"hidden\" name=\"page_url\" value=\"https:\/\/vladimirradojkovic.com\/en\/wp-json\/wp\/v2\/pages\/209\"><input type=\"hidden\" name=\"url_referer\" value=\"\"><button type=\"submit\" name=\"wpforms[submit]\" id=\"wpforms-submit-590\" class=\"wpforms-submit\" data-alt-text=\"Sending...\" data-submit-text=\"Po\u0161alji\" aria-live=\"assertive\" value=\"wpforms-submit\">Po\u0161alji<\/button><img decoding=\"async\" src=\"https:\/\/vladimirradojkovic.com\/wp-content\/plugins\/wpforms-lite\/assets\/images\/submit-spin.svg\" class=\"wpforms-submit-spinner\" style=\"display: none;\" width=\"26\" height=\"26\" alt=\"Loading\"><\/div><\/form><\/div>  <!-- .wpforms-container -->\t\t\t\t<\/div>\n\t\t\t\t<\/div>\n\t\t\t\t\t<\/div>\n\t\t<\/div>\n\t\t\t\t\t<\/div>\n\t\t<\/section>\n\t\t\t\t<\/div>\n\t\t","protected":false},"excerpt":{"rendered":"<p>Kontakt Koji je cilj kontakt forme?! Cilj kontakt forme je da se svim posetiocima sajta pru\u017ei mogu\u0107nost da ostvare komunikaciju sa \u0161ahistom \u010diji je ovo zvani\u010dni veb-sajt. Pre nego \u0161to kliknete na dugme ,,po\u0161alji&#8220; kako biste poslali va\u0161u poruku, molimo vas, obratite pa\u017enju da poslata poruka ima odre\u0111enu vezu sa \u0161ahom. Kontakt forma sadr\u017ei polja [&hellip;]<\/p>\n","protected":false},"author":1,"featured_media":0,"parent":0,"menu_order":0,"comment_status":"closed","ping_status":"closed","template":"","meta":{"site-sidebar-layout":"no-sidebar","site-content-layout":"page-builder","ast-site-content-layout":"full-width-container","site-content-style":"unboxed","site-sidebar-style":"unboxed","ast-global-header-display":"","ast-banner-title-visibility":"","ast-main-header-display":"","ast-hfb-above-header-display":"","ast-hfb-below-header-display":"","ast-hfb-mobile-header-display":"","site-post-title":"disabled","ast-breadcrumbs-content":"","ast-featured-img":"disabled","footer-sml-layout":"","ast-disable-related-posts":"","theme-transparent-header-meta":"enabled","adv-header-id-meta":"","stick-header-meta":"","header-above-stick-meta":"","header-main-stick-meta":"","header-below-stick-meta":"","astra-migrate-meta-layouts":"set","ast-page-background-enabled":"default","ast-page-background-meta":{"desktop":{"background-color":"","background-image":"","background-repeat":"repeat","background-position":"center center","background-size":"auto","background-attachment":"scroll","background-type":"","background-media":"","overlay-type":"","overlay-color":"","overlay-opacity":"","overlay-gradient":""},"tablet":{"background-color":"","background-image":"","background-repeat":"repeat","background-position":"center center","background-size":"auto","background-attachment":"scroll","background-type":"","background-media":"","overlay-type":"","overlay-color":"","overlay-opacity":"","overlay-gradient":""},"mobile":{"background-color":"","background-image":"","background-repeat":"repeat","background-position":"center center","background-size":"auto","background-attachment":"scroll","background-type":"","background-media":"","overlay-type":"","overlay-color":"","overlay-opacity":"","overlay-gradient":""}},"ast-content-background-meta":{"desktop":{"background-color":"var(--ast-global-color-5)","background-image":"","background-repeat":"repeat","background-position":"center center","background-size":"auto","background-attachment":"scroll","background-type":"","background-media":"","overlay-type":"","overlay-color":"","overlay-opacity":"","overlay-gradient":""},"tablet":{"background-color":"var(--ast-global-color-5)","background-image":"","background-repeat":"repeat","background-position":"center center","background-size":"auto","background-attachment":"scroll","background-type":"","background-media":"","overlay-type":"","overlay-color":"","overlay-opacity":"","overlay-gradient":""},"mobile":{"background-color":"var(--ast-global-color-5)","background-image":"","background-repeat":"repeat","background-position":"center center","background-size":"auto","background-attachment":"scroll","background-type":"","background-media":"","overlay-type":"","overlay-color":"","overlay-opacity":"","overlay-gradient":""}},"footnotes":""},"class_list":["post-209","page","type-page","status-publish","hentry"],"yoast_head":"<!-- This site is optimized with the Yoast SEO plugin v27.4 - https:\/\/yoast.com\/product\/yoast-seo-wordpress\/ -->\n<title>Kontakt - Vladimir Radojkovic<\/title>\n<meta name=\"description\" content=\"Ovde nas mo\u017eete kontaktirati preko kontakt forme! Here you can contact us via the contact form! Write to us!\" \/>\n<meta name=\"robots\" content=\"index, follow, max-snippet:-1, max-image-preview:large, max-video-preview:-1\" \/>\n<link rel=\"canonical\" href=\"https:\/\/vladimirradojkovic.com\/en\/kontakt\/\" \/>\n<meta property=\"og:locale\" content=\"en_GB\" \/>\n<meta property=\"og:type\" content=\"article\" \/>\n<meta property=\"og:title\" content=\"Kontakt - Vladimir Radojkovic\" \/>\n<meta property=\"og:description\" content=\"Ovde nas mo\u017eete kontaktirati preko kontakt forme! Here you can contact us via the contact form! Write to us!\" \/>\n<meta property=\"og:url\" content=\"https:\/\/vladimirradojkovic.com\/en\/kontakt\/\" \/>\n<meta property=\"og:site_name\" content=\"Vladimir Radojkovic\" \/>\n<meta property=\"article:publisher\" content=\"https:\/\/www.facebook.com\/vladaaa08\" \/>\n<meta property=\"article:modified_time\" content=\"2024-07-10T10:54:49+00:00\" \/>\n<meta property=\"og:image\" content=\"https:\/\/vladimirradojkovic.com\/wp-content\/uploads\/2022\/02\/email-fast-service-1975010.webp\" \/>\n<meta name=\"twitter:card\" content=\"summary_large_image\" \/>\n<meta name=\"twitter:site\" content=\"@vladaaa08\" \/>\n<meta name=\"twitter:label1\" content=\"Estimated reading time\" \/>\n\t<meta name=\"twitter:data1\" content=\"2 minutes\" \/>\n<script type=\"application\/ld+json\" class=\"yoast-schema-graph\">{\"@context\":\"https:\\\/\\\/schema.org\",\"@graph\":[{\"@type\":[\"WebPage\",\"ContactPage\"],\"@id\":\"https:\\\/\\\/vladimirradojkovic.com\\\/kontakt\\\/\",\"url\":\"https:\\\/\\\/vladimirradojkovic.com\\\/kontakt\\\/\",\"name\":\"Kontakt - Vladimir Radojkovic\",\"isPartOf\":{\"@id\":\"https:\\\/\\\/vladimirradojkovic.com\\\/en\\\/#website\"},\"primaryImageOfPage\":{\"@id\":\"https:\\\/\\\/vladimirradojkovic.com\\\/kontakt\\\/#primaryimage\"},\"image\":{\"@id\":\"https:\\\/\\\/vladimirradojkovic.com\\\/kontakt\\\/#primaryimage\"},\"thumbnailUrl\":\"https:\\\/\\\/vladimirradojkovic.com\\\/wp-content\\\/uploads\\\/2022\\\/02\\\/email-fast-service-1975010.webp\",\"datePublished\":\"2022-02-14T09:00:02+00:00\",\"dateModified\":\"2024-07-10T10:54:49+00:00\",\"description\":\"Ovde nas mo\u017eete kontaktirati preko kontakt forme! Here you can contact us via the contact form! Write to us!\",\"breadcrumb\":{\"@id\":\"https:\\\/\\\/vladimirradojkovic.com\\\/kontakt\\\/#breadcrumb\"},\"inLanguage\":\"en-GB\",\"potentialAction\":[{\"@type\":\"ReadAction\",\"target\":[\"https:\\\/\\\/vladimirradojkovic.com\\\/kontakt\\\/\"]}]},{\"@type\":\"ImageObject\",\"inLanguage\":\"en-GB\",\"@id\":\"https:\\\/\\\/vladimirradojkovic.com\\\/kontakt\\\/#primaryimage\",\"url\":\"https:\\\/\\\/vladimirradojkovic.com\\\/wp-content\\\/uploads\\\/2022\\\/02\\\/email-fast-service-1975010.webp\",\"contentUrl\":\"https:\\\/\\\/vladimirradojkovic.com\\\/wp-content\\\/uploads\\\/2022\\\/02\\\/email-fast-service-1975010.webp\"},{\"@type\":\"BreadcrumbList\",\"@id\":\"https:\\\/\\\/vladimirradojkovic.com\\\/kontakt\\\/#breadcrumb\",\"itemListElement\":[{\"@type\":\"ListItem\",\"position\":1,\"name\":\"Home\",\"item\":\"https:\\\/\\\/vladimirradojkovic.com\\\/\"},{\"@type\":\"ListItem\",\"position\":2,\"name\":\"Kontakt\"}]},{\"@type\":\"WebSite\",\"@id\":\"https:\\\/\\\/vladimirradojkovic.com\\\/en\\\/#website\",\"url\":\"https:\\\/\\\/vladimirradojkovic.com\\\/en\\\/\",\"name\":\"Vladimir Radojkovic\",\"description\":\"Dobrodo\u0161li na zvani\u010dni vebsajt Vladimira Radojkovi\u0107a!\",\"publisher\":{\"@id\":\"https:\\\/\\\/vladimirradojkovic.com\\\/en\\\/#\\\/schema\\\/person\\\/d488e920be5803b952ac040ee7f02e61\"},\"potentialAction\":[{\"@type\":\"SearchAction\",\"target\":{\"@type\":\"EntryPoint\",\"urlTemplate\":\"https:\\\/\\\/vladimirradojkovic.com\\\/en\\\/?s={search_term_string}\"},\"query-input\":{\"@type\":\"PropertyValueSpecification\",\"valueRequired\":true,\"valueName\":\"search_term_string\"}}],\"inLanguage\":\"en-GB\"},{\"@type\":[\"Person\",\"Organization\"],\"@id\":\"https:\\\/\\\/vladimirradojkovic.com\\\/en\\\/#\\\/schema\\\/person\\\/d488e920be5803b952ac040ee7f02e61\",\"name\":\"gjoeu\",\"image\":{\"@type\":\"ImageObject\",\"inLanguage\":\"en-GB\",\"@id\":\"https:\\\/\\\/vladimirradojkovic.com\\\/wp-content\\\/uploads\\\/2025\\\/08\\\/cropped-FullLogo-1.png\",\"url\":\"https:\\\/\\\/vladimirradojkovic.com\\\/wp-content\\\/uploads\\\/2025\\\/08\\\/cropped-FullLogo-1.png\",\"contentUrl\":\"https:\\\/\\\/vladimirradojkovic.com\\\/wp-content\\\/uploads\\\/2025\\\/08\\\/cropped-FullLogo-1.png\",\"width\":1278,\"height\":429,\"caption\":\"gjoeu\"},\"logo\":{\"@id\":\"https:\\\/\\\/vladimirradojkovic.com\\\/wp-content\\\/uploads\\\/2025\\\/08\\\/cropped-FullLogo-1.png\"},\"sameAs\":[\"https:\\\/\\\/vladimirradojkovic.com\",\"https:\\\/\\\/www.facebook.com\\\/vladaaa08\",\"https:\\\/\\\/www.instagram.com\\\/vladaaa08\\\/\",\"https:\\\/\\\/x.com\\\/https:\\\/\\\/twitter.com\\\/vladaaa08\",\"https:\\\/\\\/www.youtube.com\\\/channel\\\/UCB74yNtXcTVReYx87-2bmjw\",\"https:\\\/\\\/sr.wikipedia.org\\\/wiki\\\/\u0412\u043b\u0430\u0434\u0438\u043c\u0438\u0440_\u0420\u0430\u0434\u043e\u0458\u043a\u043e\u0432\u0438\u045b\"]}]}<\/script>\n<!-- \/ Yoast SEO plugin. -->","yoast_head_json":{"title":"Kontakt - Vladimir Radojkovic","description":"Ovde nas mo\u017eete kontaktirati preko kontakt forme! Here you can contact us via the contact form! Write to us!","robots":{"index":"index","follow":"follow","max-snippet":"max-snippet:-1","max-image-preview":"max-image-preview:large","max-video-preview":"max-video-preview:-1"},"canonical":"https:\/\/vladimirradojkovic.com\/en\/kontakt\/","og_locale":"en_GB","og_type":"article","og_title":"Kontakt - Vladimir Radojkovic","og_description":"Ovde nas mo\u017eete kontaktirati preko kontakt forme! Here you can contact us via the contact form! Write to us!","og_url":"https:\/\/vladimirradojkovic.com\/en\/kontakt\/","og_site_name":"Vladimir Radojkovic","article_publisher":"https:\/\/www.facebook.com\/vladaaa08","article_modified_time":"2024-07-10T10:54:49+00:00","og_image":[{"url":"https:\/\/vladimirradojkovic.com\/wp-content\/uploads\/2022\/02\/email-fast-service-1975010.webp","type":"","width":"","height":""}],"twitter_card":"summary_large_image","twitter_site":"@vladaaa08","twitter_misc":{"Estimated reading time":"2 minutes"},"schema":{"@context":"https:\/\/schema.org","@graph":[{"@type":["WebPage","ContactPage"],"@id":"https:\/\/vladimirradojkovic.com\/kontakt\/","url":"https:\/\/vladimirradojkovic.com\/kontakt\/","name":"Kontakt - Vladimir Radojkovic","isPartOf":{"@id":"https:\/\/vladimirradojkovic.com\/en\/#website"},"primaryImageOfPage":{"@id":"https:\/\/vladimirradojkovic.com\/kontakt\/#primaryimage"},"image":{"@id":"https:\/\/vladimirradojkovic.com\/kontakt\/#primaryimage"},"thumbnailUrl":"https:\/\/vladimirradojkovic.com\/wp-content\/uploads\/2022\/02\/email-fast-service-1975010.webp","datePublished":"2022-02-14T09:00:02+00:00","dateModified":"2024-07-10T10:54:49+00:00","description":"Ovde nas mo\u017eete kontaktirati preko kontakt forme! Here you can contact us via the contact form! Write to us!","breadcrumb":{"@id":"https:\/\/vladimirradojkovic.com\/kontakt\/#breadcrumb"},"inLanguage":"en-GB","potentialAction":[{"@type":"ReadAction","target":["https:\/\/vladimirradojkovic.com\/kontakt\/"]}]},{"@type":"ImageObject","inLanguage":"en-GB","@id":"https:\/\/vladimirradojkovic.com\/kontakt\/#primaryimage","url":"https:\/\/vladimirradojkovic.com\/wp-content\/uploads\/2022\/02\/email-fast-service-1975010.webp","contentUrl":"https:\/\/vladimirradojkovic.com\/wp-content\/uploads\/2022\/02\/email-fast-service-1975010.webp"},{"@type":"BreadcrumbList","@id":"https:\/\/vladimirradojkovic.com\/kontakt\/#breadcrumb","itemListElement":[{"@type":"ListItem","position":1,"name":"Home","item":"https:\/\/vladimirradojkovic.com\/"},{"@type":"ListItem","position":2,"name":"Kontakt"}]},{"@type":"WebSite","@id":"https:\/\/vladimirradojkovic.com\/en\/#website","url":"https:\/\/vladimirradojkovic.com\/en\/","name":"Vladimir Radojkovic","description":"Welcome to the official website of Vladimir Radojkovic!","publisher":{"@id":"https:\/\/vladimirradojkovic.com\/en\/#\/schema\/person\/d488e920be5803b952ac040ee7f02e61"},"potentialAction":[{"@type":"SearchAction","target":{"@type":"EntryPoint","urlTemplate":"https:\/\/vladimirradojkovic.com\/en\/?s={search_term_string}"},"query-input":{"@type":"PropertyValueSpecification","valueRequired":true,"valueName":"search_term_string"}}],"inLanguage":"en-GB"},{"@type":["Person","Organization"],"@id":"https:\/\/vladimirradojkovic.com\/en\/#\/schema\/person\/d488e920be5803b952ac040ee7f02e61","name":"gjoeu","image":{"@type":"ImageObject","inLanguage":"en-GB","@id":"https:\/\/vladimirradojkovic.com\/wp-content\/uploads\/2025\/08\/cropped-FullLogo-1.png","url":"https:\/\/vladimirradojkovic.com\/wp-content\/uploads\/2025\/08\/cropped-FullLogo-1.png","contentUrl":"https:\/\/vladimirradojkovic.com\/wp-content\/uploads\/2025\/08\/cropped-FullLogo-1.png","width":1278,"height":429,"caption":"gjoeu"},"logo":{"@id":"https:\/\/vladimirradojkovic.com\/wp-content\/uploads\/2025\/08\/cropped-FullLogo-1.png"},"sameAs":["https:\/\/vladimirradojkovic.com","https:\/\/www.facebook.com\/vladaaa08","https:\/\/www.instagram.com\/vladaaa08\/","https:\/\/x.com\/https:\/\/twitter.com\/vladaaa08","https:\/\/www.youtube.com\/channel\/UCB74yNtXcTVReYx87-2bmjw","https:\/\/sr.wikipedia.org\/wiki\/\u0412\u043b\u0430\u0434\u0438\u043c\u0438\u0440_\u0420\u0430\u0434\u043e\u0458\u043a\u043e\u0432\u0438\u045b"]}]}},"_links":{"self":[{"href":"https:\/\/vladimirradojkovic.com\/en\/wp-json\/wp\/v2\/pages\/209","targetHints":{"allow":["GET"]}}],"collection":[{"href":"https:\/\/vladimirradojkovic.com\/en\/wp-json\/wp\/v2\/pages"}],"about":[{"href":"https:\/\/vladimirradojkovic.com\/en\/wp-json\/wp\/v2\/types\/page"}],"author":[{"embeddable":true,"href":"https:\/\/vladimirradojkovic.com\/en\/wp-json\/wp\/v2\/users\/1"}],"replies":[{"embeddable":true,"href":"https:\/\/vladimirradojkovic.com\/en\/wp-json\/wp\/v2\/comments?post=209"}],"version-history":[{"count":64,"href":"https:\/\/vladimirradojkovic.com\/en\/wp-json\/wp\/v2\/pages\/209\/revisions"}],"predecessor-version":[{"id":2086,"href":"https:\/\/vladimirradojkovic.com\/en\/wp-json\/wp\/v2\/pages\/209\/revisions\/2086"}],"wp:attachment":[{"href":"https:\/\/vladimirradojkovic.com\/en\/wp-json\/wp\/v2\/media?parent=209"}],"curies":[{"name":"wp","href":"https:\/\/api.w.org\/{rel}","templated":true}]}}