{"id":2189,"date":"2026-03-28T22:19:29","date_gmt":"2026-03-28T21:19:29","guid":{"rendered":"https:\/\/vladimirradojkovic.com\/?page_id=2189"},"modified":"2026-03-29T01:19:17","modified_gmt":"2026-03-29T00:19:17","slug":"trener","status":"publish","type":"page","link":"https:\/\/vladimirradojkovic.com\/en\/trener\/","title":{"rendered":"Coach"},"content":{"rendered":"<div data-elementor-type=\"wp-page\" data-elementor-id=\"2189\" class=\"elementor elementor-2189\">\n\t\t\t\t\t\t<section class=\"elementor-section elementor-top-section elementor-element elementor-element-42b6ebf elementor-section-boxed elementor-section-height-default elementor-section-height-default\" data-id=\"42b6ebf\" data-element_type=\"section\" data-e-type=\"section\">\n\t\t\t\t\t\t<div class=\"elementor-container elementor-column-gap-default\">\n\t\t\t\t\t<div class=\"elementor-column elementor-col-100 elementor-top-column elementor-element elementor-element-d12ef12\" data-id=\"d12ef12\" data-element_type=\"column\" data-e-type=\"column\">\n\t\t\t<div class=\"elementor-widget-wrap elementor-element-populated\">\n\t\t\t\t\t\t<div class=\"elementor-element elementor-element-f067f0c elementor-widget__width-inherit elementor-widget elementor-widget-heading\" data-id=\"f067f0c\" data-element_type=\"widget\" data-e-type=\"widget\" data-widget_type=\"heading.default\">\n\t\t\t\t<div class=\"elementor-widget-container\">\n\t\t\t\t\t<h2 class=\"elementor-heading-title elementor-size-default\">Coach<\/h2>\t\t\t\t<\/div>\n\t\t\t\t<\/div>\n\t\t\t\t\t<\/div>\n\t\t<\/div>\n\t\t\t\t\t<\/div>\n\t\t<\/section>\n\t\t\t\t<section class=\"elementor-section elementor-top-section elementor-element elementor-element-e76bf94 elementor-section-boxed elementor-section-height-default elementor-section-height-default\" data-id=\"e76bf94\" data-element_type=\"section\" data-e-type=\"section\">\n\t\t\t\t\t\t<div class=\"elementor-container elementor-column-gap-default\">\n\t\t\t\t\t<div class=\"elementor-column elementor-col-100 elementor-top-column elementor-element elementor-element-9bd6331\" data-id=\"9bd6331\" data-element_type=\"column\" data-e-type=\"column\">\n\t\t\t<div class=\"elementor-widget-wrap elementor-element-populated\">\n\t\t\t\t\t\t<section class=\"elementor-section elementor-inner-section elementor-element elementor-element-913d88f elementor-section-boxed elementor-section-height-default elementor-section-height-default\" data-id=\"913d88f\" data-element_type=\"section\" data-e-type=\"section\">\n\t\t\t\t\t\t<div class=\"elementor-container elementor-column-gap-default\">\n\t\t\t\t\t<div class=\"elementor-column elementor-col-50 elementor-inner-column elementor-element elementor-element-176b27d\" data-id=\"176b27d\" data-element_type=\"column\" data-e-type=\"column\">\n\t\t\t<div class=\"elementor-widget-wrap elementor-element-populated\">\n\t\t\t\t\t\t<div class=\"elementor-element elementor-element-82282fa elementor-widget__width-initial elementor-widget elementor-widget-text-editor\" data-id=\"82282fa\" data-element_type=\"widget\" data-e-type=\"widget\" data-widget_type=\"text-editor.default\">\n\t\t\t\t<div class=\"elementor-widget-container\">\n\t\t\t\t\t\t\t\t\t<p><a href=\"https:\/\/ratings.fide.com\/profile\/1274473\">Bogdan Andrej Ivan\u010desku<\/a>, born on January 27, 2010 in Brasov, Romania, is a top chess player with rich experience in national and international competitions. In addition to his own competitive career, Bogdan is the coach of Vladimir Radojkovi\u0107, whose impressive results reflect the quality of his leadership. Bogdan is also a coach at the online chess club founded by Vladimir Radojkovic, where he helps students of all levels improve their skills, strategic thinking and tournament performance. \"Preparations before every tournament are a story in themselves, and with a skilled coach like young Bogdan, dreams become reality and strong results are achieved. Behind every achievement are countless hours of dedicated training, which highlights the discipline and dedication needed in sports such as chess, tennis and other competitive disciplines,\" says Vladimir Radojkovi\u0107, recommending Bogdan to all ambitious chess players who join the club.<\/p>\t\t\t\t\t\t\t\t<\/div>\n\t\t\t\t<\/div>\n\t\t\t\t<div class=\"elementor-element elementor-element-0b54cfd elementor-widget__width-initial elementor-widget elementor-widget-text-editor\" data-id=\"0b54cfd\" data-element_type=\"widget\" data-e-type=\"widget\" data-widget_type=\"text-editor.default\">\n\t\t\t\t<div class=\"elementor-widget-container\">\n\t\t\t\t\t\t\t\t\t<p>The best competitive results<br \/>1st Place \u2013 National Team Championship U16 (2025)<br \/>2nd Place \u2013 National Team Championship U14, Classical, Rapid &amp; Blitz (2024)<br \/>1st Place \u2013 National Team Championship U8 (Rapid, 2018)<br \/>2nd Place \u2013 National Team Championship U8 (Classical, 2018)<br \/>3rd Place \u2013 National Team Championship U8 (Classical, 2017)<br \/>International experience<br \/>\u265fRepresented Romania at the World Chess Championship, Spain (2018)<br \/>\u265fRepresented Romania at European Championships, Rapid, Blitz &amp; Classical (2018 &amp; 2023)<\/p><p>7th Place \u2013 World School Chess Championship (Blitz)<br \/>Top 18\u201325 Finish \u2013 European Championship (2023, started from 60th seed)<br \/>National and school achievements<br \/>1st Place \u2013 National School Chess Championship (Blitz, 2020)<br \/>2nd Place \u2013 National School Championship, Classical (2024 &amp; 2025)<br \/>2nd Place \u2013 Puzzle Solving, National School Championship (2020)<br \/>3rd Place - Puzzle Solving, National Championship (2025)<\/p><p>3rd place - National Championship under 8 years old (Blic, 2018)<br \/>Open and international tournament results<br \/>1st place - Grand Prix of Arada (category 1850-2000, 2024)<br \/>1st place \u2013 Gran pri Sebe\u0161a (category 1501\u20131600, 2023)<br \/>3rd place \u2013 Grand Prix of Arada (category 1601\u20131700, 2023)<br \/>3rd place \u2013 Grand Prix of Timisoara (grade category 1501\u20131600, 2023)<br \/>2nd place - International Festival in Brasov (2022)<\/p>\t\t\t\t\t\t\t\t<\/div>\n\t\t\t\t<\/div>\n\t\t\t\t\t<\/div>\n\t\t<\/div>\n\t\t\t\t<div class=\"elementor-column elementor-col-50 elementor-inner-column elementor-element elementor-element-65d0816\" data-id=\"65d0816\" data-element_type=\"column\" data-e-type=\"column\">\n\t\t\t<div class=\"elementor-widget-wrap elementor-element-populated\">\n\t\t\t\t\t\t<div class=\"elementor-element elementor-element-596444a elementor-widget elementor-widget-image\" data-id=\"596444a\" data-element_type=\"widget\" data-e-type=\"widget\" data-widget_type=\"image.default\">\n\t\t\t\t<div class=\"elementor-widget-container\">\n\t\t\t\t\t\t\t\t\t\t\t\t\t\t\t<img decoding=\"async\" src=\"https:\/\/vladimirradojkovic.com\/wp-content\/uploads\/2026\/03\/Trener.jpg\" title=\"Coach\" alt=\"Trener\" loading=\"lazy\" \/>\t\t\t\t\t\t\t\t\t\t\t\t\t\t\t<\/div>\n\t\t\t\t<\/div>\n\t\t\t\t\t<\/div>\n\t\t<\/div>\n\t\t\t\t\t<\/div>\n\t\t<\/section>\n\t\t\t\t<div class=\"elementor-element elementor-element-d41026c elementor-view-stacked elementor-shape-circle elementor-widget elementor-widget-icon\" data-id=\"d41026c\" data-element_type=\"widget\" data-e-type=\"widget\" data-widget_type=\"icon.default\">\n\t\t\t\t<div class=\"elementor-widget-container\">\n\t\t\t\t\t\t\t<div class=\"elementor-icon-wrapper\">\n\t\t\t<a class=\"elementor-icon\" href=\"https:\/\/www.instagram.com\/27.b0gdan\/\">\n\t\t\t<i aria-hidden=\"true\" class=\"fab fa-instagram\"><\/i>\t\t\t<\/a>\n\t\t<\/div>\n\t\t\t\t\t\t<\/div>\n\t\t\t\t<\/div>\n\t\t\t\t\t<\/div>\n\t\t<\/div>\n\t\t\t\t\t<\/div>\n\t\t<\/section>\n\t\t\t\t<\/div>","protected":false},"excerpt":{"rendered":"<p>Trener Bogdan Andrej Ivan\u010desku, ro\u0111en 27. januara 2010. u Bra\u0161ovu, u Rumuniji, je vrhunski \u0161ahista sa bogatim iskustvom na nacionalnim i me\u0111unarodnim takmi\u010denjima. Pored sopstvene takmi\u010darske karijere, Bogdan je trener Vladimira Radojkovic\u0301a, \u010diji impresivni rezultati odra\u017eavaju kvalitet njegovog vo\u0111enja. Bogdan je tako\u0111e trener u onlajn \u0161ahovskom klubu koji je osnovao Vladimir Radojkovic\u0301, gde poma\u017ee u\u010denicima [&hellip;]<\/p>\n","protected":false},"author":1,"featured_media":0,"parent":0,"menu_order":0,"comment_status":"closed","ping_status":"closed","template":"","meta":{"site-sidebar-layout":"no-sidebar","site-content-layout":"page-builder","ast-site-content-layout":"full-width-container","site-content-style":"default","site-sidebar-style":"default","ast-global-header-display":"","ast-banner-title-visibility":"","ast-main-header-display":"","ast-hfb-above-header-display":"","ast-hfb-below-header-display":"","ast-hfb-mobile-header-display":"","site-post-title":"","ast-breadcrumbs-content":"","ast-featured-img":"disabled","footer-sml-layout":"","ast-disable-related-posts":"","theme-transparent-header-meta":"default","adv-header-id-meta":"","stick-header-meta":"","header-above-stick-meta":"","header-main-stick-meta":"","header-below-stick-meta":"","astra-migrate-meta-layouts":"set","ast-page-background-enabled":"default","ast-page-background-meta":{"desktop":{"background-color":"","background-image":"","background-repeat":"repeat","background-position":"center center","background-size":"auto","background-attachment":"scroll","background-type":"","background-media":"","overlay-type":"","overlay-color":"","overlay-opacity":"","overlay-gradient":""},"tablet":{"background-color":"","background-image":"","background-repeat":"repeat","background-position":"center center","background-size":"auto","background-attachment":"scroll","background-type":"","background-media":"","overlay-type":"","overlay-color":"","overlay-opacity":"","overlay-gradient":""},"mobile":{"background-color":"","background-image":"","background-repeat":"repeat","background-position":"center center","background-size":"auto","background-attachment":"scroll","background-type":"","background-media":"","overlay-type":"","overlay-color":"","overlay-opacity":"","overlay-gradient":""}},"ast-content-background-meta":{"desktop":{"background-color":"var(--ast-global-color-5)","background-image":"","background-repeat":"repeat","background-position":"center center","background-size":"auto","background-attachment":"scroll","background-type":"","background-media":"","overlay-type":"","overlay-color":"","overlay-opacity":"","overlay-gradient":""},"tablet":{"background-color":"var(--ast-global-color-5)","background-image":"","background-repeat":"repeat","background-position":"center center","background-size":"auto","background-attachment":"scroll","background-type":"","background-media":"","overlay-type":"","overlay-color":"","overlay-opacity":"","overlay-gradient":""},"mobile":{"background-color":"var(--ast-global-color-5)","background-image":"","background-repeat":"repeat","background-position":"center center","background-size":"auto","background-attachment":"scroll","background-type":"","background-media":"","overlay-type":"","overlay-color":"","overlay-opacity":"","overlay-gradient":""}},"footnotes":""},"class_list":["post-2189","page","type-page","status-publish","hentry"],"yoast_head":"<!-- This site is optimized with the Yoast SEO plugin v27.4 - https:\/\/yoast.com\/product\/yoast-seo-wordpress\/ -->\n<title>Trener - Vladimir Radojkovic<\/title>\n<meta name=\"description\" content=\"Ovo je stranica trenera \u0161ahiste Vladimira Radojkovi\u0107a! This is the page of chess coach Vladimir Radojkovi\u0107!\" \/>\n<meta name=\"robots\" content=\"index, follow, max-snippet:-1, max-image-preview:large, max-video-preview:-1\" \/>\n<link rel=\"canonical\" href=\"https:\/\/vladimirradojkovic.com\/en\/trener\/\" \/>\n<meta property=\"og:locale\" content=\"en_GB\" \/>\n<meta property=\"og:type\" content=\"article\" \/>\n<meta property=\"og:title\" content=\"Trener - Vladimir Radojkovic\" \/>\n<meta property=\"og:description\" content=\"Ovo je stranica trenera \u0161ahiste Vladimira Radojkovi\u0107a! This is the page of chess coach Vladimir Radojkovi\u0107!\" \/>\n<meta property=\"og:url\" content=\"https:\/\/vladimirradojkovic.com\/en\/trener\/\" \/>\n<meta property=\"og:site_name\" content=\"Vladimir Radojkovic\" \/>\n<meta property=\"article:publisher\" content=\"https:\/\/www.facebook.com\/vladaaa08\" \/>\n<meta property=\"article:modified_time\" content=\"2026-03-29T00:19:17+00:00\" \/>\n<meta property=\"og:image\" content=\"https:\/\/vladimirradojkovic.com\/wp-content\/uploads\/2026\/03\/Trener.jpg\" \/>\n<meta name=\"twitter:card\" content=\"summary_large_image\" \/>\n<meta name=\"twitter:site\" content=\"@vladaaa08\" \/>\n<meta name=\"twitter:label1\" content=\"Estimated reading time\" \/>\n\t<meta name=\"twitter:data1\" content=\"2 minutes\" \/>\n<script type=\"application\/ld+json\" class=\"yoast-schema-graph\">{\"@context\":\"https:\\\/\\\/schema.org\",\"@graph\":[{\"@type\":\"WebPage\",\"@id\":\"https:\\\/\\\/vladimirradojkovic.com\\\/trener\\\/\",\"url\":\"https:\\\/\\\/vladimirradojkovic.com\\\/trener\\\/\",\"name\":\"Trener - Vladimir Radojkovic\",\"isPartOf\":{\"@id\":\"https:\\\/\\\/vladimirradojkovic.com\\\/en\\\/#website\"},\"primaryImageOfPage\":{\"@id\":\"https:\\\/\\\/vladimirradojkovic.com\\\/trener\\\/#primaryimage\"},\"image\":{\"@id\":\"https:\\\/\\\/vladimirradojkovic.com\\\/trener\\\/#primaryimage\"},\"thumbnailUrl\":\"https:\\\/\\\/vladimirradojkovic.com\\\/wp-content\\\/uploads\\\/2026\\\/03\\\/Trener.jpg\",\"datePublished\":\"2026-03-28T21:19:29+00:00\",\"dateModified\":\"2026-03-29T00:19:17+00:00\",\"description\":\"Ovo je stranica trenera \u0161ahiste Vladimira Radojkovi\u0107a! This is the page of chess coach Vladimir Radojkovi\u0107!\",\"breadcrumb\":{\"@id\":\"https:\\\/\\\/vladimirradojkovic.com\\\/trener\\\/#breadcrumb\"},\"inLanguage\":\"en-GB\",\"potentialAction\":[{\"@type\":\"ReadAction\",\"target\":[\"https:\\\/\\\/vladimirradojkovic.com\\\/trener\\\/\"]}]},{\"@type\":\"ImageObject\",\"inLanguage\":\"en-GB\",\"@id\":\"https:\\\/\\\/vladimirradojkovic.com\\\/trener\\\/#primaryimage\",\"url\":\"https:\\\/\\\/vladimirradojkovic.com\\\/wp-content\\\/uploads\\\/2026\\\/03\\\/Trener.jpg\",\"contentUrl\":\"https:\\\/\\\/vladimirradojkovic.com\\\/wp-content\\\/uploads\\\/2026\\\/03\\\/Trener.jpg\"},{\"@type\":\"BreadcrumbList\",\"@id\":\"https:\\\/\\\/vladimirradojkovic.com\\\/trener\\\/#breadcrumb\",\"itemListElement\":[{\"@type\":\"ListItem\",\"position\":1,\"name\":\"Home\",\"item\":\"https:\\\/\\\/vladimirradojkovic.com\\\/\"},{\"@type\":\"ListItem\",\"position\":2,\"name\":\"Trener\"}]},{\"@type\":\"WebSite\",\"@id\":\"https:\\\/\\\/vladimirradojkovic.com\\\/en\\\/#website\",\"url\":\"https:\\\/\\\/vladimirradojkovic.com\\\/en\\\/\",\"name\":\"Vladimir Radojkovic\",\"description\":\"Dobrodo\u0161li na zvani\u010dni vebsajt Vladimira Radojkovi\u0107a!\",\"publisher\":{\"@id\":\"https:\\\/\\\/vladimirradojkovic.com\\\/en\\\/#\\\/schema\\\/person\\\/d488e920be5803b952ac040ee7f02e61\"},\"potentialAction\":[{\"@type\":\"SearchAction\",\"target\":{\"@type\":\"EntryPoint\",\"urlTemplate\":\"https:\\\/\\\/vladimirradojkovic.com\\\/en\\\/?s={search_term_string}\"},\"query-input\":{\"@type\":\"PropertyValueSpecification\",\"valueRequired\":true,\"valueName\":\"search_term_string\"}}],\"inLanguage\":\"en-GB\"},{\"@type\":[\"Person\",\"Organization\"],\"@id\":\"https:\\\/\\\/vladimirradojkovic.com\\\/en\\\/#\\\/schema\\\/person\\\/d488e920be5803b952ac040ee7f02e61\",\"name\":\"gjoeu\",\"image\":{\"@type\":\"ImageObject\",\"inLanguage\":\"en-GB\",\"@id\":\"https:\\\/\\\/vladimirradojkovic.com\\\/wp-content\\\/uploads\\\/2025\\\/08\\\/cropped-FullLogo-1.png\",\"url\":\"https:\\\/\\\/vladimirradojkovic.com\\\/wp-content\\\/uploads\\\/2025\\\/08\\\/cropped-FullLogo-1.png\",\"contentUrl\":\"https:\\\/\\\/vladimirradojkovic.com\\\/wp-content\\\/uploads\\\/2025\\\/08\\\/cropped-FullLogo-1.png\",\"width\":1278,\"height\":429,\"caption\":\"gjoeu\"},\"logo\":{\"@id\":\"https:\\\/\\\/vladimirradojkovic.com\\\/wp-content\\\/uploads\\\/2025\\\/08\\\/cropped-FullLogo-1.png\"},\"sameAs\":[\"https:\\\/\\\/vladimirradojkovic.com\",\"https:\\\/\\\/www.facebook.com\\\/vladaaa08\",\"https:\\\/\\\/www.instagram.com\\\/vladaaa08\\\/\",\"https:\\\/\\\/x.com\\\/https:\\\/\\\/twitter.com\\\/vladaaa08\",\"https:\\\/\\\/www.youtube.com\\\/channel\\\/UCB74yNtXcTVReYx87-2bmjw\",\"https:\\\/\\\/sr.wikipedia.org\\\/wiki\\\/\u0412\u043b\u0430\u0434\u0438\u043c\u0438\u0440_\u0420\u0430\u0434\u043e\u0458\u043a\u043e\u0432\u0438\u045b\"]}]}<\/script>\n<!-- \/ Yoast SEO plugin. -->","yoast_head_json":{"title":"Trener - Vladimir Radojkovic","description":"Ovo je stranica trenera \u0161ahiste Vladimira Radojkovi\u0107a! This is the page of chess coach Vladimir Radojkovi\u0107!","robots":{"index":"index","follow":"follow","max-snippet":"max-snippet:-1","max-image-preview":"max-image-preview:large","max-video-preview":"max-video-preview:-1"},"canonical":"https:\/\/vladimirradojkovic.com\/en\/trener\/","og_locale":"en_GB","og_type":"article","og_title":"Trener - Vladimir Radojkovic","og_description":"Ovo je stranica trenera \u0161ahiste Vladimira Radojkovi\u0107a! This is the page of chess coach Vladimir Radojkovi\u0107!","og_url":"https:\/\/vladimirradojkovic.com\/en\/trener\/","og_site_name":"Vladimir Radojkovic","article_publisher":"https:\/\/www.facebook.com\/vladaaa08","article_modified_time":"2026-03-29T00:19:17+00:00","og_image":[{"url":"https:\/\/vladimirradojkovic.com\/wp-content\/uploads\/2026\/03\/Trener.jpg","type":"","width":"","height":""}],"twitter_card":"summary_large_image","twitter_site":"@vladaaa08","twitter_misc":{"Estimated reading time":"2 minutes"},"schema":{"@context":"https:\/\/schema.org","@graph":[{"@type":"WebPage","@id":"https:\/\/vladimirradojkovic.com\/trener\/","url":"https:\/\/vladimirradojkovic.com\/trener\/","name":"Trener - Vladimir Radojkovic","isPartOf":{"@id":"https:\/\/vladimirradojkovic.com\/en\/#website"},"primaryImageOfPage":{"@id":"https:\/\/vladimirradojkovic.com\/trener\/#primaryimage"},"image":{"@id":"https:\/\/vladimirradojkovic.com\/trener\/#primaryimage"},"thumbnailUrl":"https:\/\/vladimirradojkovic.com\/wp-content\/uploads\/2026\/03\/Trener.jpg","datePublished":"2026-03-28T21:19:29+00:00","dateModified":"2026-03-29T00:19:17+00:00","description":"Ovo je stranica trenera \u0161ahiste Vladimira Radojkovi\u0107a! This is the page of chess coach Vladimir Radojkovi\u0107!","breadcrumb":{"@id":"https:\/\/vladimirradojkovic.com\/trener\/#breadcrumb"},"inLanguage":"en-GB","potentialAction":[{"@type":"ReadAction","target":["https:\/\/vladimirradojkovic.com\/trener\/"]}]},{"@type":"ImageObject","inLanguage":"en-GB","@id":"https:\/\/vladimirradojkovic.com\/trener\/#primaryimage","url":"https:\/\/vladimirradojkovic.com\/wp-content\/uploads\/2026\/03\/Trener.jpg","contentUrl":"https:\/\/vladimirradojkovic.com\/wp-content\/uploads\/2026\/03\/Trener.jpg"},{"@type":"BreadcrumbList","@id":"https:\/\/vladimirradojkovic.com\/trener\/#breadcrumb","itemListElement":[{"@type":"ListItem","position":1,"name":"Home","item":"https:\/\/vladimirradojkovic.com\/"},{"@type":"ListItem","position":2,"name":"Trener"}]},{"@type":"WebSite","@id":"https:\/\/vladimirradojkovic.com\/en\/#website","url":"https:\/\/vladimirradojkovic.com\/en\/","name":"Vladimir Radojkovic","description":"Welcome to the official website of Vladimir Radojkovic!","publisher":{"@id":"https:\/\/vladimirradojkovic.com\/en\/#\/schema\/person\/d488e920be5803b952ac040ee7f02e61"},"potentialAction":[{"@type":"SearchAction","target":{"@type":"EntryPoint","urlTemplate":"https:\/\/vladimirradojkovic.com\/en\/?s={search_term_string}"},"query-input":{"@type":"PropertyValueSpecification","valueRequired":true,"valueName":"search_term_string"}}],"inLanguage":"en-GB"},{"@type":["Person","Organization"],"@id":"https:\/\/vladimirradojkovic.com\/en\/#\/schema\/person\/d488e920be5803b952ac040ee7f02e61","name":"gjoeu","image":{"@type":"ImageObject","inLanguage":"en-GB","@id":"https:\/\/vladimirradojkovic.com\/wp-content\/uploads\/2025\/08\/cropped-FullLogo-1.png","url":"https:\/\/vladimirradojkovic.com\/wp-content\/uploads\/2025\/08\/cropped-FullLogo-1.png","contentUrl":"https:\/\/vladimirradojkovic.com\/wp-content\/uploads\/2025\/08\/cropped-FullLogo-1.png","width":1278,"height":429,"caption":"gjoeu"},"logo":{"@id":"https:\/\/vladimirradojkovic.com\/wp-content\/uploads\/2025\/08\/cropped-FullLogo-1.png"},"sameAs":["https:\/\/vladimirradojkovic.com","https:\/\/www.facebook.com\/vladaaa08","https:\/\/www.instagram.com\/vladaaa08\/","https:\/\/x.com\/https:\/\/twitter.com\/vladaaa08","https:\/\/www.youtube.com\/channel\/UCB74yNtXcTVReYx87-2bmjw","https:\/\/sr.wikipedia.org\/wiki\/\u0412\u043b\u0430\u0434\u0438\u043c\u0438\u0440_\u0420\u0430\u0434\u043e\u0458\u043a\u043e\u0432\u0438\u045b"]}]}},"_links":{"self":[{"href":"https:\/\/vladimirradojkovic.com\/en\/wp-json\/wp\/v2\/pages\/2189","targetHints":{"allow":["GET"]}}],"collection":[{"href":"https:\/\/vladimirradojkovic.com\/en\/wp-json\/wp\/v2\/pages"}],"about":[{"href":"https:\/\/vladimirradojkovic.com\/en\/wp-json\/wp\/v2\/types\/page"}],"author":[{"embeddable":true,"href":"https:\/\/vladimirradojkovic.com\/en\/wp-json\/wp\/v2\/users\/1"}],"replies":[{"embeddable":true,"href":"https:\/\/vladimirradojkovic.com\/en\/wp-json\/wp\/v2\/comments?post=2189"}],"version-history":[{"count":49,"href":"https:\/\/vladimirradojkovic.com\/en\/wp-json\/wp\/v2\/pages\/2189\/revisions"}],"predecessor-version":[{"id":2243,"href":"https:\/\/vladimirradojkovic.com\/en\/wp-json\/wp\/v2\/pages\/2189\/revisions\/2243"}],"wp:attachment":[{"href":"https:\/\/vladimirradojkovic.com\/en\/wp-json\/wp\/v2\/media?parent=2189"}],"curies":[{"name":"wp","href":"https:\/\/api.w.org\/{rel}","templated":true}]}}