{"id":442,"date":"2022-02-14T10:00:35","date_gmt":"2022-02-14T09:00:35","guid":{"rendered":"https:\/\/vladimirradojkovic.com\/?page_id=442"},"modified":"2024-11-04T06:28:15","modified_gmt":"2024-11-04T05:28:15","slug":"intervju-vladimir-radojkovic","status":"publish","type":"page","link":"https:\/\/vladimirradojkovic.com\/en\/intervju-vladimir-radojkovic\/","title":{"rendered":"Interviews"},"content":{"rendered":"<div data-elementor-type=\"wp-page\" data-elementor-id=\"442\" class=\"elementor elementor-442\">\n\t\t\t\t\t\t<section class=\"elementor-section elementor-top-section elementor-element elementor-element-bbc97db elementor-section-full_width elementor-section-height-default elementor-section-height-default\" data-id=\"bbc97db\" data-element_type=\"section\" data-e-type=\"section\">\n\t\t\t\t\t\t<div class=\"elementor-container elementor-column-gap-default\">\n\t\t\t\t\t<div class=\"elementor-column elementor-col-100 elementor-top-column elementor-element elementor-element-aecd6fc\" data-id=\"aecd6fc\" data-element_type=\"column\" data-e-type=\"column\">\n\t\t\t<div class=\"elementor-widget-wrap elementor-element-populated\">\n\t\t\t\t\t\t<div class=\"elementor-element elementor-element-19cc6fa elementor-widget elementor-widget-heading\" data-id=\"19cc6fa\" data-element_type=\"widget\" data-e-type=\"widget\" data-widget_type=\"heading.default\">\n\t\t\t\t<div class=\"elementor-widget-container\">\n\t\t\t\t\t<h1 class=\"elementor-heading-title elementor-size-xxl\">Interviews<\/h1>\t\t\t\t<\/div>\n\t\t\t\t<\/div>\n\t\t\t\t\t<\/div>\n\t\t<\/div>\n\t\t\t\t\t<\/div>\n\t\t<\/section>\n\t\t\t\t<section class=\"elementor-section elementor-top-section elementor-element elementor-element-6dbd6a7 elementor-section-full_width elementor-section-height-default elementor-section-height-default\" data-id=\"6dbd6a7\" data-element_type=\"section\" data-e-type=\"section\">\n\t\t\t\t\t\t<div class=\"elementor-container elementor-column-gap-default\">\n\t\t\t\t\t<div class=\"elementor-column elementor-col-100 elementor-top-column elementor-element elementor-element-237ab4a\" data-id=\"237ab4a\" data-element_type=\"column\" data-e-type=\"column\">\n\t\t\t<div class=\"elementor-widget-wrap elementor-element-populated\">\n\t\t\t\t\t\t<div class=\"elementor-element elementor-element-926fb8c elementor-widget elementor-widget-image\" data-id=\"926fb8c\" data-element_type=\"widget\" data-e-type=\"widget\" data-widget_type=\"image.default\">\n\t\t\t\t<div class=\"elementor-widget-container\">\n\t\t\t\t\t\t\t\t\t\t\t\t\t\t\t<img decoding=\"async\" src=\"https:\/\/vladimirradojkovic.com\/wp-content\/uploads\/2022\/02\/interview-superior-staff-2207741.jpg\" title=\"\" alt=\"Intervju Vladimir Radojkovic\" loading=\"lazy\" \/>\t\t\t\t\t\t\t\t\t\t\t\t\t\t\t<\/div>\n\t\t\t\t<\/div>\n\t\t\t\t\t<\/div>\n\t\t<\/div>\n\t\t\t\t\t<\/div>\n\t\t<\/section>\n\t\t\t\t<section class=\"elementor-section elementor-top-section elementor-element elementor-element-e94e2b6 elementor-section-full_width elementor-section-height-default elementor-section-height-default\" data-id=\"e94e2b6\" data-element_type=\"section\" data-e-type=\"section\">\n\t\t\t\t\t\t<div class=\"elementor-container elementor-column-gap-default\">\n\t\t\t\t\t<div class=\"elementor-column elementor-col-100 elementor-top-column elementor-element elementor-element-80806cb\" data-id=\"80806cb\" data-element_type=\"column\" data-e-type=\"column\">\n\t\t\t<div class=\"elementor-widget-wrap elementor-element-populated\">\n\t\t\t\t\t\t<div class=\"elementor-element elementor-element-d238b27 elementor-widget elementor-widget-text-editor\" data-id=\"d238b27\" data-element_type=\"widget\" data-e-type=\"widget\" data-widget_type=\"text-editor.default\">\n\t\t\t\t<div class=\"elementor-widget-container\">\n\t\t\t\t\t\t\t\t\t<h5>Here you can find and read all newspaper\/magazine articles about Vladimir Radojkovi\u0107, but you can also find and read his interviews.<\/h5><h5>Given the activities of a chess player\u00a0<a href=\"https:\/\/vladimirradojkovic.com\/en\/\" target=\"_blank\" rel=\"noopener\">Vladimir Radojkovic<\/a> in the domain of chess, as an author and competitor in tournaments, as someone who is engaged in humanitarian work and who has been active in sports journalism for a long period of time as the author and editor of his sports magazine Sports travelogues, various articles about him can be found and read in newspapers\/magazines , but interviews can also be found. As certain magazines and newspapers that he gave an interview to said that he was a great inspiration, we would invite all people, especially young people, according to the values \u200b\u200bthat are represented in modern society, to set aside five or ten minutes, depending on the length of the interview, and read the content the same. We hope you get a nice message that can make your day better! What should be the goal of every interview, as well as the goal of every magazine, is the promotion of the correct values \u200b\u200bof society and individuals whose work, attitude and thinking can influence people to a large extent, especially young people, and for this reason, Vladimir Radojkovi\u0107 is the most worthy of a quality message can be extracted from each of his words and interviews.<\/h5><h6>Interviews and articles are available in all world languages, including English, German, French, Spanish and Italian. We present some of the interviews and articles about Vladimir Radojkovi\u0107 on this page and we sincerely hope that you will enjoy them, but also that maybe after reading the article\/interview you will be inspired to follow a similar path or at least to love chess!<\/h6>\t\t\t\t\t\t\t\t<\/div>\n\t\t\t\t<\/div>\n\t\t\t\t\t<\/div>\n\t\t<\/div>\n\t\t\t\t\t<\/div>\n\t\t<\/section>\n\t\t\t\t<section class=\"elementor-section elementor-top-section elementor-element elementor-element-50791bd elementor-section-boxed elementor-section-height-default elementor-section-height-default\" data-id=\"50791bd\" data-element_type=\"section\" data-e-type=\"section\">\n\t\t\t\t\t\t<div class=\"elementor-container elementor-column-gap-default\">\n\t\t\t\t\t<div class=\"elementor-column elementor-col-100 elementor-top-column elementor-element elementor-element-5a03ae3\" data-id=\"5a03ae3\" data-element_type=\"column\" data-e-type=\"column\">\n\t\t\t<div class=\"elementor-widget-wrap elementor-element-populated\">\n\t\t\t\t\t\t<div class=\"elementor-element elementor-element-dc23873 elementor-widget elementor-widget-text-editor\" data-id=\"dc23873\" data-element_type=\"widget\" data-e-type=\"widget\" data-widget_type=\"text-editor.default\">\n\t\t\t\t<div class=\"elementor-widget-container\">\n\t\t\t\t\t\t\t\t\t<p><\/p>\n<ol>\n<li><strong><a href=\"https:\/\/www.muskimagazin.rs\/Fun\/zanimljivosti\/vladimir-radojkovic-mladi-sahista-velikog-srca\">A young chess player with a big heart<\/a><\/strong>, Men's magazine, 21.3.2022<\/li>\n<li><a href=\"https:\/\/www.oblakoder.org.rs\/sah-sa-vladimirom\/\"><b>Chess with Vladimir<\/b><\/a> (About playing chess and humanitarian tournaments), Oblakoder magazine, 17.10.2022.<\/li>\n<li><a href=\"https:\/\/lifemagazin.rs\/autor-je-knjige-sah-sa-vladimirom-humanitarac-i-novinar-ovaj-mladi-covek-je-velika-inspiracija\"><strong>He is the author of the book \"Chess with Vladimir\", humanitarian and journalist: This young man is a great inspiration<\/strong><\/a>, Life magazin, 22.12.2022.<\/li><li><br><\/li>\n<\/ol>\t\t\t\t\t\t\t\t<\/div>\n\t\t\t\t<\/div>\n\t\t\t\t\t<\/div>\n\t\t<\/div>\n\t\t\t\t\t<\/div>\n\t\t<\/section>\n\t\t\t\t<\/div>","protected":false},"excerpt":{"rendered":"<p>Intervjui Ovde mo\u017eete da prona\u0111ete i pro\u010ditate sve \u010dlanke u novinama\/magazinima o Vladimiru Radojkovi\u0107u, ali tako\u0111e mo\u017eete prona\u0107i i pro\u010ditati njegove intervjue. S obzirom na aktivnosti koje ima \u0161ahista\u00a0Vladimir Radojkovi\u0107 u domenu \u0161aha, kao autor i takmi\u010dar na turnirima, kao neko ko se bavi humanitarnim radom i ko je du\u017ei vremenski period aktivan u sportskom [&hellip;]<\/p>\n","protected":false},"author":1,"featured_media":0,"parent":0,"menu_order":0,"comment_status":"closed","ping_status":"closed","template":"","meta":{"site-sidebar-layout":"no-sidebar","site-content-layout":"page-builder","ast-site-content-layout":"full-width-container","site-content-style":"unboxed","site-sidebar-style":"unboxed","ast-global-header-display":"","ast-banner-title-visibility":"","ast-main-header-display":"","ast-hfb-above-header-display":"","ast-hfb-below-header-display":"","ast-hfb-mobile-header-display":"","site-post-title":"disabled","ast-breadcrumbs-content":"","ast-featured-img":"disabled","footer-sml-layout":"","ast-disable-related-posts":"","theme-transparent-header-meta":"default","adv-header-id-meta":"","stick-header-meta":"","header-above-stick-meta":"","header-main-stick-meta":"","header-below-stick-meta":"","astra-migrate-meta-layouts":"set","ast-page-background-enabled":"default","ast-page-background-meta":{"desktop":{"background-color":"","background-image":"","background-repeat":"repeat","background-position":"center center","background-size":"auto","background-attachment":"scroll","background-type":"","background-media":"","overlay-type":"","overlay-color":"","overlay-opacity":"","overlay-gradient":""},"tablet":{"background-color":"","background-image":"","background-repeat":"repeat","background-position":"center center","background-size":"auto","background-attachment":"scroll","background-type":"","background-media":"","overlay-type":"","overlay-color":"","overlay-opacity":"","overlay-gradient":""},"mobile":{"background-color":"","background-image":"","background-repeat":"repeat","background-position":"center center","background-size":"auto","background-attachment":"scroll","background-type":"","background-media":"","overlay-type":"","overlay-color":"","overlay-opacity":"","overlay-gradient":""}},"ast-content-background-meta":{"desktop":{"background-color":"var(--ast-global-color-5)","background-image":"","background-repeat":"repeat","background-position":"center center","background-size":"auto","background-attachment":"scroll","background-type":"","background-media":"","overlay-type":"","overlay-color":"","overlay-opacity":"","overlay-gradient":""},"tablet":{"background-color":"var(--ast-global-color-5)","background-image":"","background-repeat":"repeat","background-position":"center center","background-size":"auto","background-attachment":"scroll","background-type":"","background-media":"","overlay-type":"","overlay-color":"","overlay-opacity":"","overlay-gradient":""},"mobile":{"background-color":"var(--ast-global-color-5)","background-image":"","background-repeat":"repeat","background-position":"center center","background-size":"auto","background-attachment":"scroll","background-type":"","background-media":"","overlay-type":"","overlay-color":"","overlay-opacity":"","overlay-gradient":""}},"footnotes":""},"class_list":["post-442","page","type-page","status-publish","hentry"],"yoast_head":"<!-- This site is optimized with the Yoast SEO plugin v27.4 - https:\/\/yoast.com\/product\/yoast-seo-wordpress\/ -->\n<title>Intervjui - Vladimir Radojkovic<\/title>\n<meta name=\"description\" content=\"Ovde mo\u017eete pro\u010ditati intervju\/e Vladimira Radojkovica! Here you can read all the interviews of the Serbian chess player Vladimir Radojkovi\u0107!\" \/>\n<meta name=\"robots\" content=\"index, follow, max-snippet:-1, max-image-preview:large, max-video-preview:-1\" \/>\n<link rel=\"canonical\" href=\"https:\/\/vladimirradojkovic.com\/en\/intervju-vladimir-radojkovic\/\" \/>\n<meta property=\"og:locale\" content=\"en_GB\" \/>\n<meta property=\"og:type\" content=\"article\" \/>\n<meta property=\"og:title\" content=\"Intervjui - Vladimir Radojkovic\" \/>\n<meta property=\"og:description\" content=\"Ovde mo\u017eete pro\u010ditati intervju\/e Vladimira Radojkovica! Here you can read all the interviews of the Serbian chess player Vladimir Radojkovi\u0107!\" \/>\n<meta property=\"og:url\" content=\"https:\/\/vladimirradojkovic.com\/en\/intervju-vladimir-radojkovic\/\" \/>\n<meta property=\"og:site_name\" content=\"Vladimir Radojkovic\" \/>\n<meta property=\"article:publisher\" content=\"https:\/\/www.facebook.com\/vladaaa08\" \/>\n<meta property=\"article:modified_time\" content=\"2024-11-04T05:28:15+00:00\" \/>\n<meta name=\"twitter:card\" content=\"summary_large_image\" \/>\n<meta name=\"twitter:site\" content=\"@vladaaa08\" \/>\n<meta name=\"twitter:label1\" content=\"Estimated reading time\" \/>\n\t<meta name=\"twitter:data1\" content=\"2 minutes\" \/>\n<script type=\"application\/ld+json\" class=\"yoast-schema-graph\">{\"@context\":\"https:\\\/\\\/schema.org\",\"@graph\":[{\"@type\":\"WebPage\",\"@id\":\"https:\\\/\\\/vladimirradojkovic.com\\\/intervju-vladimir-radojkovic\\\/\",\"url\":\"https:\\\/\\\/vladimirradojkovic.com\\\/intervju-vladimir-radojkovic\\\/\",\"name\":\"Intervjui - Vladimir Radojkovic\",\"isPartOf\":{\"@id\":\"https:\\\/\\\/vladimirradojkovic.com\\\/en\\\/#website\"},\"primaryImageOfPage\":{\"@id\":\"https:\\\/\\\/vladimirradojkovic.com\\\/intervju-vladimir-radojkovic\\\/#primaryimage\"},\"image\":{\"@id\":\"https:\\\/\\\/vladimirradojkovic.com\\\/intervju-vladimir-radojkovic\\\/#primaryimage\"},\"thumbnailUrl\":\"https:\\\/\\\/vladimirradojkovic.com\\\/wp-content\\\/uploads\\\/2022\\\/02\\\/interview-superior-staff-2207741.jpg\",\"datePublished\":\"2022-02-14T09:00:35+00:00\",\"dateModified\":\"2024-11-04T05:28:15+00:00\",\"description\":\"Ovde mo\u017eete pro\u010ditati intervju\\\/e Vladimira Radojkovica! Here you can read all the interviews of the Serbian chess player Vladimir Radojkovi\u0107!\",\"breadcrumb\":{\"@id\":\"https:\\\/\\\/vladimirradojkovic.com\\\/intervju-vladimir-radojkovic\\\/#breadcrumb\"},\"inLanguage\":\"en-GB\",\"potentialAction\":[{\"@type\":\"ReadAction\",\"target\":[\"https:\\\/\\\/vladimirradojkovic.com\\\/intervju-vladimir-radojkovic\\\/\"]}]},{\"@type\":\"ImageObject\",\"inLanguage\":\"en-GB\",\"@id\":\"https:\\\/\\\/vladimirradojkovic.com\\\/intervju-vladimir-radojkovic\\\/#primaryimage\",\"url\":\"https:\\\/\\\/vladimirradojkovic.com\\\/wp-content\\\/uploads\\\/2022\\\/02\\\/interview-superior-staff-2207741.jpg\",\"contentUrl\":\"https:\\\/\\\/vladimirradojkovic.com\\\/wp-content\\\/uploads\\\/2022\\\/02\\\/interview-superior-staff-2207741.jpg\"},{\"@type\":\"BreadcrumbList\",\"@id\":\"https:\\\/\\\/vladimirradojkovic.com\\\/intervju-vladimir-radojkovic\\\/#breadcrumb\",\"itemListElement\":[{\"@type\":\"ListItem\",\"position\":1,\"name\":\"Home\",\"item\":\"https:\\\/\\\/vladimirradojkovic.com\\\/\"},{\"@type\":\"ListItem\",\"position\":2,\"name\":\"Intervjui\"}]},{\"@type\":\"WebSite\",\"@id\":\"https:\\\/\\\/vladimirradojkovic.com\\\/en\\\/#website\",\"url\":\"https:\\\/\\\/vladimirradojkovic.com\\\/en\\\/\",\"name\":\"Vladimir Radojkovic\",\"description\":\"Dobrodo\u0161li na zvani\u010dni vebsajt Vladimira Radojkovi\u0107a!\",\"publisher\":{\"@id\":\"https:\\\/\\\/vladimirradojkovic.com\\\/en\\\/#\\\/schema\\\/person\\\/d488e920be5803b952ac040ee7f02e61\"},\"potentialAction\":[{\"@type\":\"SearchAction\",\"target\":{\"@type\":\"EntryPoint\",\"urlTemplate\":\"https:\\\/\\\/vladimirradojkovic.com\\\/en\\\/?s={search_term_string}\"},\"query-input\":{\"@type\":\"PropertyValueSpecification\",\"valueRequired\":true,\"valueName\":\"search_term_string\"}}],\"inLanguage\":\"en-GB\"},{\"@type\":[\"Person\",\"Organization\"],\"@id\":\"https:\\\/\\\/vladimirradojkovic.com\\\/en\\\/#\\\/schema\\\/person\\\/d488e920be5803b952ac040ee7f02e61\",\"name\":\"gjoeu\",\"image\":{\"@type\":\"ImageObject\",\"inLanguage\":\"en-GB\",\"@id\":\"https:\\\/\\\/vladimirradojkovic.com\\\/wp-content\\\/uploads\\\/2025\\\/08\\\/cropped-FullLogo-1.png\",\"url\":\"https:\\\/\\\/vladimirradojkovic.com\\\/wp-content\\\/uploads\\\/2025\\\/08\\\/cropped-FullLogo-1.png\",\"contentUrl\":\"https:\\\/\\\/vladimirradojkovic.com\\\/wp-content\\\/uploads\\\/2025\\\/08\\\/cropped-FullLogo-1.png\",\"width\":1278,\"height\":429,\"caption\":\"gjoeu\"},\"logo\":{\"@id\":\"https:\\\/\\\/vladimirradojkovic.com\\\/wp-content\\\/uploads\\\/2025\\\/08\\\/cropped-FullLogo-1.png\"},\"sameAs\":[\"https:\\\/\\\/vladimirradojkovic.com\",\"https:\\\/\\\/www.facebook.com\\\/vladaaa08\",\"https:\\\/\\\/www.instagram.com\\\/vladaaa08\\\/\",\"https:\\\/\\\/x.com\\\/https:\\\/\\\/twitter.com\\\/vladaaa08\",\"https:\\\/\\\/www.youtube.com\\\/channel\\\/UCB74yNtXcTVReYx87-2bmjw\",\"https:\\\/\\\/sr.wikipedia.org\\\/wiki\\\/\u0412\u043b\u0430\u0434\u0438\u043c\u0438\u0440_\u0420\u0430\u0434\u043e\u0458\u043a\u043e\u0432\u0438\u045b\"]}]}<\/script>\n<!-- \/ Yoast SEO plugin. -->","yoast_head_json":{"title":"Intervjui - Vladimir Radojkovic","description":"Ovde mo\u017eete pro\u010ditati intervju\/e Vladimira Radojkovica! Here you can read all the interviews of the Serbian chess player Vladimir Radojkovi\u0107!","robots":{"index":"index","follow":"follow","max-snippet":"max-snippet:-1","max-image-preview":"max-image-preview:large","max-video-preview":"max-video-preview:-1"},"canonical":"https:\/\/vladimirradojkovic.com\/en\/intervju-vladimir-radojkovic\/","og_locale":"en_GB","og_type":"article","og_title":"Intervjui - Vladimir Radojkovic","og_description":"Ovde mo\u017eete pro\u010ditati intervju\/e Vladimira Radojkovica! Here you can read all the interviews of the Serbian chess player Vladimir Radojkovi\u0107!","og_url":"https:\/\/vladimirradojkovic.com\/en\/intervju-vladimir-radojkovic\/","og_site_name":"Vladimir Radojkovic","article_publisher":"https:\/\/www.facebook.com\/vladaaa08","article_modified_time":"2024-11-04T05:28:15+00:00","twitter_card":"summary_large_image","twitter_site":"@vladaaa08","twitter_misc":{"Estimated reading time":"2 minutes"},"schema":{"@context":"https:\/\/schema.org","@graph":[{"@type":"WebPage","@id":"https:\/\/vladimirradojkovic.com\/intervju-vladimir-radojkovic\/","url":"https:\/\/vladimirradojkovic.com\/intervju-vladimir-radojkovic\/","name":"Intervjui - Vladimir Radojkovic","isPartOf":{"@id":"https:\/\/vladimirradojkovic.com\/en\/#website"},"primaryImageOfPage":{"@id":"https:\/\/vladimirradojkovic.com\/intervju-vladimir-radojkovic\/#primaryimage"},"image":{"@id":"https:\/\/vladimirradojkovic.com\/intervju-vladimir-radojkovic\/#primaryimage"},"thumbnailUrl":"https:\/\/vladimirradojkovic.com\/wp-content\/uploads\/2022\/02\/interview-superior-staff-2207741.jpg","datePublished":"2022-02-14T09:00:35+00:00","dateModified":"2024-11-04T05:28:15+00:00","description":"Ovde mo\u017eete pro\u010ditati intervju\/e Vladimira Radojkovica! Here you can read all the interviews of the Serbian chess player Vladimir Radojkovi\u0107!","breadcrumb":{"@id":"https:\/\/vladimirradojkovic.com\/intervju-vladimir-radojkovic\/#breadcrumb"},"inLanguage":"en-GB","potentialAction":[{"@type":"ReadAction","target":["https:\/\/vladimirradojkovic.com\/intervju-vladimir-radojkovic\/"]}]},{"@type":"ImageObject","inLanguage":"en-GB","@id":"https:\/\/vladimirradojkovic.com\/intervju-vladimir-radojkovic\/#primaryimage","url":"https:\/\/vladimirradojkovic.com\/wp-content\/uploads\/2022\/02\/interview-superior-staff-2207741.jpg","contentUrl":"https:\/\/vladimirradojkovic.com\/wp-content\/uploads\/2022\/02\/interview-superior-staff-2207741.jpg"},{"@type":"BreadcrumbList","@id":"https:\/\/vladimirradojkovic.com\/intervju-vladimir-radojkovic\/#breadcrumb","itemListElement":[{"@type":"ListItem","position":1,"name":"Home","item":"https:\/\/vladimirradojkovic.com\/"},{"@type":"ListItem","position":2,"name":"Intervjui"}]},{"@type":"WebSite","@id":"https:\/\/vladimirradojkovic.com\/en\/#website","url":"https:\/\/vladimirradojkovic.com\/en\/","name":"Vladimir Radojkovic","description":"Welcome to the official website of Vladimir Radojkovic!","publisher":{"@id":"https:\/\/vladimirradojkovic.com\/en\/#\/schema\/person\/d488e920be5803b952ac040ee7f02e61"},"potentialAction":[{"@type":"SearchAction","target":{"@type":"EntryPoint","urlTemplate":"https:\/\/vladimirradojkovic.com\/en\/?s={search_term_string}"},"query-input":{"@type":"PropertyValueSpecification","valueRequired":true,"valueName":"search_term_string"}}],"inLanguage":"en-GB"},{"@type":["Person","Organization"],"@id":"https:\/\/vladimirradojkovic.com\/en\/#\/schema\/person\/d488e920be5803b952ac040ee7f02e61","name":"gjoeu","image":{"@type":"ImageObject","inLanguage":"en-GB","@id":"https:\/\/vladimirradojkovic.com\/wp-content\/uploads\/2025\/08\/cropped-FullLogo-1.png","url":"https:\/\/vladimirradojkovic.com\/wp-content\/uploads\/2025\/08\/cropped-FullLogo-1.png","contentUrl":"https:\/\/vladimirradojkovic.com\/wp-content\/uploads\/2025\/08\/cropped-FullLogo-1.png","width":1278,"height":429,"caption":"gjoeu"},"logo":{"@id":"https:\/\/vladimirradojkovic.com\/wp-content\/uploads\/2025\/08\/cropped-FullLogo-1.png"},"sameAs":["https:\/\/vladimirradojkovic.com","https:\/\/www.facebook.com\/vladaaa08","https:\/\/www.instagram.com\/vladaaa08\/","https:\/\/x.com\/https:\/\/twitter.com\/vladaaa08","https:\/\/www.youtube.com\/channel\/UCB74yNtXcTVReYx87-2bmjw","https:\/\/sr.wikipedia.org\/wiki\/\u0412\u043b\u0430\u0434\u0438\u043c\u0438\u0440_\u0420\u0430\u0434\u043e\u0458\u043a\u043e\u0432\u0438\u045b"]}]}},"_links":{"self":[{"href":"https:\/\/vladimirradojkovic.com\/en\/wp-json\/wp\/v2\/pages\/442","targetHints":{"allow":["GET"]}}],"collection":[{"href":"https:\/\/vladimirradojkovic.com\/en\/wp-json\/wp\/v2\/pages"}],"about":[{"href":"https:\/\/vladimirradojkovic.com\/en\/wp-json\/wp\/v2\/types\/page"}],"author":[{"embeddable":true,"href":"https:\/\/vladimirradojkovic.com\/en\/wp-json\/wp\/v2\/users\/1"}],"replies":[{"embeddable":true,"href":"https:\/\/vladimirradojkovic.com\/en\/wp-json\/wp\/v2\/comments?post=442"}],"version-history":[{"count":116,"href":"https:\/\/vladimirradojkovic.com\/en\/wp-json\/wp\/v2\/pages\/442\/revisions"}],"predecessor-version":[{"id":2130,"href":"https:\/\/vladimirradojkovic.com\/en\/wp-json\/wp\/v2\/pages\/442\/revisions\/2130"}],"wp:attachment":[{"href":"https:\/\/vladimirradojkovic.com\/en\/wp-json\/wp\/v2\/media?parent=442"}],"curies":[{"name":"wp","href":"https:\/\/api.w.org\/{rel}","templated":true}]}}