{"id":56,"date":"2022-02-14T10:00:44","date_gmt":"2022-02-14T09:00:44","guid":{"rendered":"https:\/\/vladimirradojkovic.com\/home\/"},"modified":"2026-02-24T12:45:12","modified_gmt":"2026-02-24T11:45:12","slug":"vladimir-radojkovic","status":"publish","type":"page","link":"https:\/\/vladimirradojkovic.com\/en\/","title":{"rendered":"Home"},"content":{"rendered":"<div data-elementor-type=\"wp-page\" data-elementor-id=\"56\" class=\"elementor elementor-56\">\n\t\t\t\t\t\t<section class=\"elementor-section elementor-top-section elementor-element elementor-element-731108d elementor-section-boxed elementor-section-height-default elementor-section-height-default\" data-id=\"731108d\" data-element_type=\"section\" data-e-type=\"section\">\n\t\t\t\t\t\t<div class=\"elementor-container elementor-column-gap-default\">\n\t\t\t\t\t<div class=\"elementor-column elementor-col-100 elementor-top-column elementor-element elementor-element-5d608ce\" data-id=\"5d608ce\" data-element_type=\"column\" data-e-type=\"column\">\n\t\t\t<div class=\"elementor-widget-wrap elementor-element-populated\">\n\t\t\t\t\t\t<div class=\"elementor-element elementor-element-27147ef elementor-widget elementor-widget-heading\" data-id=\"27147ef\" data-element_type=\"widget\" data-e-type=\"widget\" data-widget_type=\"heading.default\">\n\t\t\t\t<div class=\"elementor-widget-container\">\n\t\t\t\t\t<h1 class=\"elementor-heading-title elementor-size-xxl\">Welcome to the official website!<\/h1>\t\t\t\t<\/div>\n\t\t\t\t<\/div>\n\t\t\t\t\t<\/div>\n\t\t<\/div>\n\t\t\t\t\t<\/div>\n\t\t<\/section>\n\t\t\t\t<section class=\"elementor-section elementor-top-section elementor-element elementor-element-8fe0d9f elementor-section-full_width elementor-section-height-default elementor-section-height-default\" data-id=\"8fe0d9f\" data-element_type=\"section\" data-e-type=\"section\">\n\t\t\t\t\t\t<div class=\"elementor-container elementor-column-gap-default\">\n\t\t\t\t\t<div class=\"elementor-column elementor-col-100 elementor-top-column elementor-element elementor-element-029ed18\" data-id=\"029ed18\" data-element_type=\"column\" data-e-type=\"column\">\n\t\t\t<div class=\"elementor-widget-wrap elementor-element-populated\">\n\t\t\t\t\t\t<div class=\"elementor-element elementor-element-8777d18 elementor-widget elementor-widget-image\" data-id=\"8777d18\" data-element_type=\"widget\" data-e-type=\"widget\" data-widget_type=\"image.default\">\n\t\t\t\t<div class=\"elementor-widget-container\">\n\t\t\t\t\t\t\t\t\t\t\t\t\t\t\t<img decoding=\"async\" src=\"https:\/\/vladimirradojkovic.com\/wp-content\/uploads\/2022\/02\/ocean-sea-water-2791952.webp\" title=\"Official website photo\" alt=\"Official website photo\" loading=\"lazy\" \/>\t\t\t\t\t\t\t\t\t\t\t\t\t\t\t<\/div>\n\t\t\t\t<\/div>\n\t\t\t\t\t<\/div>\n\t\t<\/div>\n\t\t\t\t\t<\/div>\n\t\t<\/section>\n\t\t\t\t<section class=\"elementor-section elementor-top-section elementor-element elementor-element-418722f elementor-section-boxed elementor-section-height-default elementor-section-height-default\" data-id=\"418722f\" data-element_type=\"section\" data-e-type=\"section\">\n\t\t\t\t\t\t<div class=\"elementor-container elementor-column-gap-default\">\n\t\t\t\t\t<div class=\"elementor-column elementor-col-100 elementor-top-column elementor-element elementor-element-635d184\" data-id=\"635d184\" data-element_type=\"column\" data-e-type=\"column\">\n\t\t\t<div class=\"elementor-widget-wrap elementor-element-populated\">\n\t\t\t\t\t\t<div class=\"elementor-element elementor-element-ba79c45 elementor-widget elementor-widget-heading\" data-id=\"ba79c45\" data-element_type=\"widget\" data-e-type=\"widget\" data-widget_type=\"heading.default\">\n\t\t\t\t<div class=\"elementor-widget-container\">\n\t\t\t\t\t<h2 class=\"elementor-heading-title elementor-size-default\">Biography<\/h2>\t\t\t\t<\/div>\n\t\t\t\t<\/div>\n\t\t\t\t\t<\/div>\n\t\t<\/div>\n\t\t\t\t\t<\/div>\n\t\t<\/section>\n\t\t\t\t<section class=\"elementor-section elementor-top-section elementor-element elementor-element-5ce20d2 elementor-section-full_width elementor-section-height-default elementor-section-height-default\" data-id=\"5ce20d2\" data-element_type=\"section\" data-e-type=\"section\">\n\t\t\t\t\t\t\t<div class=\"elementor-background-overlay\"><\/div>\n\t\t\t\t\t\t\t<div class=\"elementor-container elementor-column-gap-no\">\n\t\t\t\t\t<div class=\"elementor-column elementor-col-50 elementor-top-column elementor-element elementor-element-9ef27c4\" data-id=\"9ef27c4\" data-element_type=\"column\" data-e-type=\"column\" data-settings=\"{&quot;background_background&quot;:&quot;gradient&quot;}\">\n\t\t\t<div class=\"elementor-widget-wrap elementor-element-populated\">\n\t\t\t\t\t\t<div class=\"elementor-element elementor-element-a49b6ae elementor-widget elementor-widget-image\" data-id=\"a49b6ae\" data-element_type=\"widget\" data-e-type=\"widget\" data-widget_type=\"image.default\">\n\t\t\t\t<div class=\"elementor-widget-container\">\n\t\t\t\t\t\t\t\t\t\t\t\t\t\t\t<img decoding=\"async\" src=\"https:\/\/vladimirradojkovic.com\/wp-content\/uploads\/2022\/02\/IMG_20220127_173129_8761.webp\" title=\"Vladimir Radojkovic\" alt=\"Vladimir Radojkovic\" loading=\"lazy\" \/>\t\t\t\t\t\t\t\t\t\t\t\t\t\t\t<\/div>\n\t\t\t\t<\/div>\n\t\t\t\t\t<\/div>\n\t\t<\/div>\n\t\t\t\t<div class=\"elementor-column elementor-col-50 elementor-top-column elementor-element elementor-element-fb48727\" data-id=\"fb48727\" data-element_type=\"column\" data-e-type=\"column\">\n\t\t\t<div class=\"elementor-widget-wrap elementor-element-populated\">\n\t\t\t\t\t\t<div class=\"elementor-element elementor-element-7af9a52 elementor-widget elementor-widget-text-editor\" data-id=\"7af9a52\" data-element_type=\"widget\" data-e-type=\"widget\" data-widget_type=\"text-editor.default\">\n\t\t\t\t<div class=\"elementor-widget-container\">\n\t\t\t\t\t\t\t\t\t<h5><span style=\"text-decoration: underline;\"><a href=\"https:\/\/ratings.fide.com\/profile\/167105395\">Vladimir<strong> Radojkovic<\/strong><\/a><\/span> je srpski \u0161ahista, autor i sportski novinar. Ima 26 godina i ro\u0111en je u Leskovcu, gradu na jugu Srbije, a \u017eivi u Ni\u0161u. Vladimir Radojkovi\u0107 je student <a href=\"https:\/\/www.filfak.ni.ac.rs\/\">Faculty of Philosophy in Nis<\/a>.<\/h5><h5>He has been playing chess since his early childhood, with a break in high school due to his interest in volleyball and basketball.<\/h5><h5>At the end of 2019, he heard about the Play Magnus platform, created by the team of the then world champion, the Norwegian Magnus Carlsen.<\/h5><h5>He used the beginning of 2021 to practice the rules on the board, and during the same year he also joined the official FIDE platform, Fide Online Arena. At FOA, he achieves results he is satisfied with and actively works to make them even better.  Besides the official FIDE platform, Lichess is also used.<\/h5><h5>Since January 2022, he has been engaged in humanitarian work. He is part of a group on the Lichess platform that organizes humanitarian tournaments to help sick children and adults who are beneficiaries of the Budi Human foundation.<\/h5><h5>In February 2022, he wrote a book about chess called \"<span style=\"text-decoration: underline;\"><strong><a href=\"https:\/\/vladimirradojkovic.com\/en\/knjiga-sah-sa-vladimirom\/\">Chess with Vladimir<\/a><\/strong><\/span>\". The book was written in Serbian, translated into English and published on the Google Play and iTunes platforms. The book will be published on the Amazon platform in six months!<\/h5><h5>He founded his own online chess club called  Chess club Knights. The goal of the club, which exists on several world-renowned platforms for playing chess, is to help in getting to know this ancient game as well as possible from its inception to the present, thus covering all important segments of the game. You can read more about it on the page <span style=\"text-decoration: underline;\"><a href=\"https:\/\/vladimirradojkovic.com\/en\/sahovski-klub-vitezovi\/\"><strong>Chess club Knights<\/strong><\/a><\/span>.<\/h5><h5>He won his first chess title on the official platform of the World Chess Federation, Fide Online Arena. From September 25, 2022, he holds the title Arena Candidate Master.\u00a0<\/h5><h5>He launched his sports magazine on September 15, 2022. The goal of the magazine, as he says, is to encourage young people who are involved in sports, in addition to writing about news from the world of sports. Support for girls is especially important because of the prejudices that exist in society. All sportswomen who give an interview for his magazine receive a thank-you note for it with sincere support to continue courageously towards their goal in order to become as good and successful as possible.<\/h5><h5>You can read more about the magazine at <a href=\"https:\/\/sportsnewsintheworld.com\/\"><span style=\"text-decoration: underline;\"><strong>Sports travelogues<\/strong><\/span><\/a>.<\/h5>\t\t\t\t\t\t\t\t<\/div>\n\t\t\t\t<\/div>\n\t\t\t\t\t<\/div>\n\t\t<\/div>\n\t\t\t\t\t<\/div>\n\t\t<\/section>\n\t\t\t\t<\/div>","protected":false},"excerpt":{"rendered":"<p>Dobrodo\u0161li na zvani\u010dni veb-sajt! Biografija Vladimir Radojkovi\u0107 je srpski \u0161ahista, autor i sportski novinar. Ima 26 godina i ro\u0111en je u Leskovcu, gradu na jugu Srbije, a \u017eivi u Ni\u0161u. Vladimir Radojkovi\u0107 je student Filozofskog fakulteta u Ni\u0161u. \u0160ahom se bavi jo\u0161 od najranijeg detinjstva, sa pauzom u srednjoj \u0161koli zbog interesovanja prema odbojci i [&hellip;]<\/p>\n","protected":false},"author":1,"featured_media":0,"parent":0,"menu_order":0,"comment_status":"closed","ping_status":"closed","template":"","meta":{"site-sidebar-layout":"no-sidebar","site-content-layout":"page-builder","ast-site-content-layout":"full-width-container","site-content-style":"unboxed","site-sidebar-style":"unboxed","ast-global-header-display":"","ast-banner-title-visibility":"","ast-main-header-display":"","ast-hfb-above-header-display":"","ast-hfb-below-header-display":"","ast-hfb-mobile-header-display":"","site-post-title":"disabled","ast-breadcrumbs-content":"","ast-featured-img":"disabled","footer-sml-layout":"","ast-disable-related-posts":"","theme-transparent-header-meta":"enabled","adv-header-id-meta":"","stick-header-meta":"","header-above-stick-meta":"","header-main-stick-meta":"","header-below-stick-meta":"","astra-migrate-meta-layouts":"set","ast-page-background-enabled":"default","ast-page-background-meta":{"desktop":{"background-color":"","background-image":"","background-repeat":"repeat","background-position":"center center","background-size":"auto","background-attachment":"scroll","background-type":"","background-media":"","overlay-type":"","overlay-color":"","overlay-opacity":"","overlay-gradient":""},"tablet":{"background-color":"","background-image":"","background-repeat":"repeat","background-position":"center center","background-size":"auto","background-attachment":"scroll","background-type":"","background-media":"","overlay-type":"","overlay-color":"","overlay-opacity":"","overlay-gradient":""},"mobile":{"background-color":"","background-image":"","background-repeat":"repeat","background-position":"center center","background-size":"auto","background-attachment":"scroll","background-type":"","background-media":"","overlay-type":"","overlay-color":"","overlay-opacity":"","overlay-gradient":""}},"ast-content-background-meta":{"desktop":{"background-color":"var(--ast-global-color-5)","background-image":"","background-repeat":"repeat","background-position":"center center","background-size":"auto","background-attachment":"scroll","background-type":"","background-media":"","overlay-type":"","overlay-color":"","overlay-opacity":"","overlay-gradient":""},"tablet":{"background-color":"var(--ast-global-color-5)","background-image":"","background-repeat":"repeat","background-position":"center center","background-size":"auto","background-attachment":"scroll","background-type":"","background-media":"","overlay-type":"","overlay-color":"","overlay-opacity":"","overlay-gradient":""},"mobile":{"background-color":"var(--ast-global-color-5)","background-image":"","background-repeat":"repeat","background-position":"center center","background-size":"auto","background-attachment":"scroll","background-type":"","background-media":"","overlay-type":"","overlay-color":"","overlay-opacity":"","overlay-gradient":""}},"footnotes":""},"class_list":["post-56","page","type-page","status-publish","hentry"],"yoast_head":"<!-- This site is optimized with the Yoast SEO plugin v27.5 - https:\/\/yoast.com\/product\/yoast-seo-wordpress\/ -->\n<title>Home - Vladimir Radojkovic - The official website<\/title>\n<meta name=\"description\" content=\"Dobrodo\u0161li na zvani\u010dni sajt srpskog \u0161ahiste! Welcome to the official website of Vladimir Radojkovic, chess player from Serbia!\" \/>\n<meta name=\"robots\" content=\"index, follow, max-snippet:-1, max-image-preview:large, max-video-preview:-1\" \/>\n<link rel=\"canonical\" href=\"https:\/\/vladimirradojkovic.com\/en\/\" \/>\n<meta property=\"og:locale\" content=\"en_GB\" \/>\n<meta property=\"og:type\" content=\"article\" \/>\n<meta property=\"og:title\" content=\"Home - Vladimir Radojkovic - The official website\" \/>\n<meta property=\"og:description\" content=\"Dobrodo\u0161li na zvani\u010dni sajt srpskog \u0161ahiste! Welcome to the official website of Vladimir Radojkovic, chess player from Serbia!\" \/>\n<meta property=\"og:url\" content=\"https:\/\/vladimirradojkovic.com\/en\/\" \/>\n<meta property=\"og:site_name\" content=\"Vladimir Radojkovic\" \/>\n<meta property=\"article:publisher\" content=\"https:\/\/www.facebook.com\/vladaaa08\" \/>\n<meta property=\"article:modified_time\" content=\"2026-02-24T11:45:12+00:00\" \/>\n<meta property=\"og:image\" content=\"https:\/\/vladimirradojkovic.com\/wp-content\/uploads\/2025\/08\/FullLogo.png\" \/>\n\t<meta property=\"og:image:width\" content=\"1280\" \/>\n\t<meta property=\"og:image:height\" content=\"1024\" \/>\n\t<meta property=\"og:image:type\" content=\"image\/png\" \/>\n<meta name=\"twitter:card\" content=\"summary_large_image\" \/>\n<meta name=\"twitter:image\" content=\"https:\/\/vladimirradojkovic.com\/wp-content\/uploads\/2025\/08\/FullLogo.png\" \/>\n<meta name=\"twitter:site\" content=\"@vladaaa08\" \/>\n<meta name=\"twitter:label1\" content=\"Estimated reading time\" \/>\n\t<meta name=\"twitter:data1\" content=\"3 minutes\" \/>\n<script type=\"application\/ld+json\" class=\"yoast-schema-graph\">{\"@context\":\"https:\\\/\\\/schema.org\",\"@graph\":[{\"@type\":[\"WebPage\",\"ProfilePage\"],\"@id\":\"https:\\\/\\\/vladimirradojkovic.com\\\/\",\"url\":\"https:\\\/\\\/vladimirradojkovic.com\\\/\",\"name\":\"Home - Vladimir Radojkovic - The official website\",\"isPartOf\":{\"@id\":\"https:\\\/\\\/vladimirradojkovic.com\\\/en\\\/#website\"},\"primaryImageOfPage\":{\"@id\":\"https:\\\/\\\/vladimirradojkovic.com\\\/#primaryimage\"},\"image\":{\"@id\":\"https:\\\/\\\/vladimirradojkovic.com\\\/#primaryimage\"},\"thumbnailUrl\":\"https:\\\/\\\/vladimirradojkovic.com\\\/wp-content\\\/uploads\\\/2022\\\/02\\\/ocean-sea-water-2791952.webp\",\"datePublished\":\"2022-02-14T09:00:44+00:00\",\"dateModified\":\"2026-02-24T11:45:12+00:00\",\"description\":\"Dobrodo\u0161li na zvani\u010dni sajt srpskog \u0161ahiste! Welcome to the official website of Vladimir Radojkovic, chess player from Serbia!\",\"breadcrumb\":{\"@id\":\"https:\\\/\\\/vladimirradojkovic.com\\\/#breadcrumb\"},\"inLanguage\":\"en-GB\",\"potentialAction\":[{\"@type\":\"ReadAction\",\"target\":[\"https:\\\/\\\/vladimirradojkovic.com\\\/\"]}]},{\"@type\":\"ImageObject\",\"inLanguage\":\"en-GB\",\"@id\":\"https:\\\/\\\/vladimirradojkovic.com\\\/#primaryimage\",\"url\":\"https:\\\/\\\/vladimirradojkovic.com\\\/wp-content\\\/uploads\\\/2022\\\/02\\\/ocean-sea-water-2791952.webp\",\"contentUrl\":\"https:\\\/\\\/vladimirradojkovic.com\\\/wp-content\\\/uploads\\\/2022\\\/02\\\/ocean-sea-water-2791952.webp\"},{\"@type\":\"BreadcrumbList\",\"@id\":\"https:\\\/\\\/vladimirradojkovic.com\\\/#breadcrumb\",\"itemListElement\":[{\"@type\":\"ListItem\",\"position\":1,\"name\":\"Home\",\"item\":\"https:\\\/\\\/vladimirradojkovic.com\\\/\"},{\"@type\":\"ListItem\",\"position\":2,\"name\":\"Home\"}]},{\"@type\":\"WebSite\",\"@id\":\"https:\\\/\\\/vladimirradojkovic.com\\\/en\\\/#website\",\"url\":\"https:\\\/\\\/vladimirradojkovic.com\\\/en\\\/\",\"name\":\"Vladimir Radojkovic\",\"description\":\"Dobrodo\u0161li na zvani\u010dni vebsajt Vladimira Radojkovi\u0107a!\",\"publisher\":{\"@id\":\"https:\\\/\\\/vladimirradojkovic.com\\\/en\\\/#\\\/schema\\\/person\\\/d488e920be5803b952ac040ee7f02e61\"},\"potentialAction\":[{\"@type\":\"SearchAction\",\"target\":{\"@type\":\"EntryPoint\",\"urlTemplate\":\"https:\\\/\\\/vladimirradojkovic.com\\\/en\\\/?s={search_term_string}\"},\"query-input\":{\"@type\":\"PropertyValueSpecification\",\"valueRequired\":true,\"valueName\":\"search_term_string\"}}],\"inLanguage\":\"en-GB\"},{\"@type\":[\"Person\",\"Organization\"],\"@id\":\"https:\\\/\\\/vladimirradojkovic.com\\\/en\\\/#\\\/schema\\\/person\\\/d488e920be5803b952ac040ee7f02e61\",\"name\":\"gjoeu\",\"image\":{\"@type\":\"ImageObject\",\"inLanguage\":\"en-GB\",\"@id\":\"https:\\\/\\\/vladimirradojkovic.com\\\/wp-content\\\/uploads\\\/2025\\\/08\\\/cropped-FullLogo-1.png\",\"url\":\"https:\\\/\\\/vladimirradojkovic.com\\\/wp-content\\\/uploads\\\/2025\\\/08\\\/cropped-FullLogo-1.png\",\"contentUrl\":\"https:\\\/\\\/vladimirradojkovic.com\\\/wp-content\\\/uploads\\\/2025\\\/08\\\/cropped-FullLogo-1.png\",\"width\":1278,\"height\":429,\"caption\":\"gjoeu\"},\"logo\":{\"@id\":\"https:\\\/\\\/vladimirradojkovic.com\\\/wp-content\\\/uploads\\\/2025\\\/08\\\/cropped-FullLogo-1.png\"},\"mainEntityOfPage\":{\"@id\":\"https:\\\/\\\/vladimirradojkovic.com\\\/\"},\"sameAs\":[\"https:\\\/\\\/vladimirradojkovic.com\",\"https:\\\/\\\/www.facebook.com\\\/vladaaa08\",\"https:\\\/\\\/www.instagram.com\\\/vladaaa08\\\/\",\"https:\\\/\\\/x.com\\\/https:\\\/\\\/twitter.com\\\/vladaaa08\",\"https:\\\/\\\/www.youtube.com\\\/channel\\\/UCB74yNtXcTVReYx87-2bmjw\",\"https:\\\/\\\/sr.wikipedia.org\\\/wiki\\\/\u0412\u043b\u0430\u0434\u0438\u043c\u0438\u0440_\u0420\u0430\u0434\u043e\u0458\u043a\u043e\u0432\u0438\u045b\"]}]}<\/script>\n<!-- \/ Yoast SEO plugin. -->","yoast_head_json":{"title":"Home - Vladimir Radojkovic - The official website","description":"Dobrodo\u0161li na zvani\u010dni sajt srpskog \u0161ahiste! Welcome to the official website of Vladimir Radojkovic, chess player from Serbia!","robots":{"index":"index","follow":"follow","max-snippet":"max-snippet:-1","max-image-preview":"max-image-preview:large","max-video-preview":"max-video-preview:-1"},"canonical":"https:\/\/vladimirradojkovic.com\/en\/","og_locale":"en_GB","og_type":"article","og_title":"Home - Vladimir Radojkovic - The official website","og_description":"Dobrodo\u0161li na zvani\u010dni sajt srpskog \u0161ahiste! Welcome to the official website of Vladimir Radojkovic, chess player from Serbia!","og_url":"https:\/\/vladimirradojkovic.com\/en\/","og_site_name":"Vladimir Radojkovic","article_publisher":"https:\/\/www.facebook.com\/vladaaa08","article_modified_time":"2026-02-24T11:45:12+00:00","og_image":[{"width":1280,"height":1024,"url":"https:\/\/vladimirradojkovic.com\/wp-content\/uploads\/2025\/08\/FullLogo.png","type":"image\/png"}],"twitter_card":"summary_large_image","twitter_image":"https:\/\/vladimirradojkovic.com\/wp-content\/uploads\/2025\/08\/FullLogo.png","twitter_site":"@vladaaa08","twitter_misc":{"Estimated reading time":"3 minutes"},"schema":{"@context":"https:\/\/schema.org","@graph":[{"@type":["WebPage","ProfilePage"],"@id":"https:\/\/vladimirradojkovic.com\/","url":"https:\/\/vladimirradojkovic.com\/","name":"Home - Vladimir Radojkovic - The official website","isPartOf":{"@id":"https:\/\/vladimirradojkovic.com\/en\/#website"},"primaryImageOfPage":{"@id":"https:\/\/vladimirradojkovic.com\/#primaryimage"},"image":{"@id":"https:\/\/vladimirradojkovic.com\/#primaryimage"},"thumbnailUrl":"https:\/\/vladimirradojkovic.com\/wp-content\/uploads\/2022\/02\/ocean-sea-water-2791952.webp","datePublished":"2022-02-14T09:00:44+00:00","dateModified":"2026-02-24T11:45:12+00:00","description":"Dobrodo\u0161li na zvani\u010dni sajt srpskog \u0161ahiste! Welcome to the official website of Vladimir Radojkovic, chess player from Serbia!","breadcrumb":{"@id":"https:\/\/vladimirradojkovic.com\/#breadcrumb"},"inLanguage":"en-GB","potentialAction":[{"@type":"ReadAction","target":["https:\/\/vladimirradojkovic.com\/"]}]},{"@type":"ImageObject","inLanguage":"en-GB","@id":"https:\/\/vladimirradojkovic.com\/#primaryimage","url":"https:\/\/vladimirradojkovic.com\/wp-content\/uploads\/2022\/02\/ocean-sea-water-2791952.webp","contentUrl":"https:\/\/vladimirradojkovic.com\/wp-content\/uploads\/2022\/02\/ocean-sea-water-2791952.webp"},{"@type":"BreadcrumbList","@id":"https:\/\/vladimirradojkovic.com\/#breadcrumb","itemListElement":[{"@type":"ListItem","position":1,"name":"Home","item":"https:\/\/vladimirradojkovic.com\/"},{"@type":"ListItem","position":2,"name":"Home"}]},{"@type":"WebSite","@id":"https:\/\/vladimirradojkovic.com\/en\/#website","url":"https:\/\/vladimirradojkovic.com\/en\/","name":"Vladimir Radojkovic","description":"Welcome to the official website of Vladimir Radojkovic!","publisher":{"@id":"https:\/\/vladimirradojkovic.com\/en\/#\/schema\/person\/d488e920be5803b952ac040ee7f02e61"},"potentialAction":[{"@type":"SearchAction","target":{"@type":"EntryPoint","urlTemplate":"https:\/\/vladimirradojkovic.com\/en\/?s={search_term_string}"},"query-input":{"@type":"PropertyValueSpecification","valueRequired":true,"valueName":"search_term_string"}}],"inLanguage":"en-GB"},{"@type":["Person","Organization"],"@id":"https:\/\/vladimirradojkovic.com\/en\/#\/schema\/person\/d488e920be5803b952ac040ee7f02e61","name":"gjoeu","image":{"@type":"ImageObject","inLanguage":"en-GB","@id":"https:\/\/vladimirradojkovic.com\/wp-content\/uploads\/2025\/08\/cropped-FullLogo-1.png","url":"https:\/\/vladimirradojkovic.com\/wp-content\/uploads\/2025\/08\/cropped-FullLogo-1.png","contentUrl":"https:\/\/vladimirradojkovic.com\/wp-content\/uploads\/2025\/08\/cropped-FullLogo-1.png","width":1278,"height":429,"caption":"gjoeu"},"logo":{"@id":"https:\/\/vladimirradojkovic.com\/wp-content\/uploads\/2025\/08\/cropped-FullLogo-1.png"},"mainEntityOfPage":{"@id":"https:\/\/vladimirradojkovic.com\/"},"sameAs":["https:\/\/vladimirradojkovic.com","https:\/\/www.facebook.com\/vladaaa08","https:\/\/www.instagram.com\/vladaaa08\/","https:\/\/x.com\/https:\/\/twitter.com\/vladaaa08","https:\/\/www.youtube.com\/channel\/UCB74yNtXcTVReYx87-2bmjw","https:\/\/sr.wikipedia.org\/wiki\/\u0412\u043b\u0430\u0434\u0438\u043c\u0438\u0440_\u0420\u0430\u0434\u043e\u0458\u043a\u043e\u0432\u0438\u045b"]}]}},"_links":{"self":[{"href":"https:\/\/vladimirradojkovic.com\/en\/wp-json\/wp\/v2\/pages\/56","targetHints":{"allow":["GET"]}}],"collection":[{"href":"https:\/\/vladimirradojkovic.com\/en\/wp-json\/wp\/v2\/pages"}],"about":[{"href":"https:\/\/vladimirradojkovic.com\/en\/wp-json\/wp\/v2\/types\/page"}],"author":[{"embeddable":true,"href":"https:\/\/vladimirradojkovic.com\/en\/wp-json\/wp\/v2\/users\/1"}],"replies":[{"embeddable":true,"href":"https:\/\/vladimirradojkovic.com\/en\/wp-json\/wp\/v2\/comments?post=56"}],"version-history":[{"count":291,"href":"https:\/\/vladimirradojkovic.com\/en\/wp-json\/wp\/v2\/pages\/56\/revisions"}],"predecessor-version":[{"id":2180,"href":"https:\/\/vladimirradojkovic.com\/en\/wp-json\/wp\/v2\/pages\/56\/revisions\/2180"}],"wp:attachment":[{"href":"https:\/\/vladimirradojkovic.com\/en\/wp-json\/wp\/v2\/media?parent=56"}],"curies":[{"name":"wp","href":"https:\/\/api.w.org\/{rel}","templated":true}]}}